{"id":5427,"date":"2026-01-21T10:12:02","date_gmt":"2026-01-21T13:12:02","guid":{"rendered":"https:\/\/www.motorfix.com.br\/?page_id=5427"},"modified":"2026-01-21T10:12:02","modified_gmt":"2026-01-21T13:12:02","slug":"mfc177","status":"publish","type":"page","link":"https:\/\/www.motorfix.com.br\/?page_id=5427","title":{"rendered":"MFC177"},"content":{"rendered":"\n<figure class=\"wp-block-gallery has-nested-images columns-default is-cropped wp-block-gallery-1 is-layout-flex wp-block-gallery-is-layout-flex\">\n<figure class=\"wp-block-image size-large\"><img loading=\"lazy\" decoding=\"async\" width=\"1024\" height=\"1024\" data-id=\"5428\" src=\"https:\/\/www.motorfix.com.br\/wp-content\/uploads\/2026\/01\/MFC177-1024x1024.webp\" alt=\"\" class=\"wp-image-5428\" srcset=\"https:\/\/www.motorfix.com.br\/wp-content\/uploads\/2026\/01\/MFC177-1024x1024.webp 1024w, https:\/\/www.motorfix.com.br\/wp-content\/uploads\/2026\/01\/MFC177-300x300.webp 300w, https:\/\/www.motorfix.com.br\/wp-content\/uploads\/2026\/01\/MFC177-150x150.webp 150w, https:\/\/www.motorfix.com.br\/wp-content\/uploads\/2026\/01\/MFC177-768x768.webp 768w, https:\/\/www.motorfix.com.br\/wp-content\/uploads\/2026\/01\/MFC177.webp 1080w, https:\/\/www.motorfix.com.br\/wp-content\/uploads\/2026\/01\/MFC177-125x125.webp 125w\" sizes=\"(max-width: 1024px) 100vw, 1024px\" \/><\/figure>\n\n\n\n<figure class=\"wp-block-image size-large\"><img loading=\"lazy\" decoding=\"async\" width=\"1024\" height=\"1024\" data-id=\"5429\" src=\"https:\/\/www.motorfix.com.br\/wp-content\/uploads\/2026\/01\/MFC177_2-1024x1024.webp\" alt=\"\" class=\"wp-image-5429\" srcset=\"https:\/\/www.motorfix.com.br\/wp-content\/uploads\/2026\/01\/MFC177_2-1024x1024.webp 1024w, https:\/\/www.motorfix.com.br\/wp-content\/uploads\/2026\/01\/MFC177_2-300x300.webp 300w, https:\/\/www.motorfix.com.br\/wp-content\/uploads\/2026\/01\/MFC177_2-150x150.webp 150w, https:\/\/www.motorfix.com.br\/wp-content\/uploads\/2026\/01\/MFC177_2-768x768.webp 768w, https:\/\/www.motorfix.com.br\/wp-content\/uploads\/2026\/01\/MFC177_2.webp 1080w, https:\/\/www.motorfix.com.br\/wp-content\/uploads\/2026\/01\/MFC177_2-125x125.webp 125w\" sizes=\"(max-width: 1024px) 100vw, 1024px\" \/><\/figure>\n\n\n\n<figure class=\"wp-block-image size-large\"><img loading=\"lazy\" decoding=\"async\" width=\"1024\" height=\"1024\" data-id=\"5430\" src=\"https:\/\/www.motorfix.com.br\/wp-content\/uploads\/2026\/01\/MFC177_3-1024x1024.webp\" alt=\"\" class=\"wp-image-5430\" srcset=\"https:\/\/www.motorfix.com.br\/wp-content\/uploads\/2026\/01\/MFC177_3-1024x1024.webp 1024w, https:\/\/www.motorfix.com.br\/wp-content\/uploads\/2026\/01\/MFC177_3-300x300.webp 300w, https:\/\/www.motorfix.com.br\/wp-content\/uploads\/2026\/01\/MFC177_3-150x150.webp 150w, https:\/\/www.motorfix.com.br\/wp-content\/uploads\/2026\/01\/MFC177_3-768x768.webp 768w, https:\/\/www.motorfix.com.br\/wp-content\/uploads\/2026\/01\/MFC177_3.webp 1080w, https:\/\/www.motorfix.com.br\/wp-content\/uploads\/2026\/01\/MFC177_3-125x125.webp 125w\" sizes=\"(max-width: 1024px) 100vw, 1024px\" \/><\/figure>\n<\/figure>\n\n\n\n<p><strong>C\u00e2mbio<\/strong>: CVT\/ JF015<\/p>\n\n\n\n<p><strong>C\u00f3digo original:<\/strong>&nbsp;NISSAN:3172850X0A,3172804X0B RENAULT:317283JX0C<\/p>\n\n\n\n<p><strong>C\u00f3digo similar:<\/strong>&nbsp;<strong>WEGA:<\/strong>&nbsp;WFC246 |&nbsp;<strong>MALHE:<\/strong>&nbsp;HX426D<\/p>\n\n\n\n<p><strong>ALGUMAS APLICA\u00c7\u00d5ES:&nbsp;<\/strong>NISSAN \u2013 KICKS 1.6 CVT \u2013 MARCH 1.6 CVT \u2013 VERSA 1.6 CVT<\/p>\n","protected":false},"excerpt":{"rendered":"<p>C\u00e2mbio: CVT\/ JF015 C\u00f3digo original:&nbsp;NISSAN:3172850X0A,3172804X0B RENAULT:317283JX0C C\u00f3digo similar:&nbsp;WEGA:&nbsp;WFC246 |&nbsp;MALHE:&nbsp;HX426D ALGUMAS APLICA\u00c7\u00d5ES:&nbsp;NISSAN \u2013 KICKS 1.6 CVT \u2013 MARCH 1.6 CVT \u2013 VERSA 1.6 CVT<\/p>\n","protected":false},"author":1,"featured_media":5429,"parent":2354,"menu_order":0,"comment_status":"closed","ping_status":"closed","template":"","meta":{"footnotes":""},"_links":{"self":[{"href":"https:\/\/www.motorfix.com.br\/index.php?rest_route=\/wp\/v2\/pages\/5427"}],"collection":[{"href":"https:\/\/www.motorfix.com.br\/index.php?rest_route=\/wp\/v2\/pages"}],"about":[{"href":"https:\/\/www.motorfix.com.br\/index.php?rest_route=\/wp\/v2\/types\/page"}],"author":[{"embeddable":true,"href":"https:\/\/www.motorfix.com.br\/index.php?rest_route=\/wp\/v2\/users\/1"}],"replies":[{"embeddable":true,"href":"https:\/\/www.motorfix.com.br\/index.php?rest_route=%2Fwp%2Fv2%2Fcomments&post=5427"}],"version-history":[{"count":1,"href":"https:\/\/www.motorfix.com.br\/index.php?rest_route=\/wp\/v2\/pages\/5427\/revisions"}],"predecessor-version":[{"id":5431,"href":"https:\/\/www.motorfix.com.br\/index.php?rest_route=\/wp\/v2\/pages\/5427\/revisions\/5431"}],"up":[{"embeddable":true,"href":"https:\/\/www.motorfix.com.br\/index.php?rest_route=\/wp\/v2\/pages\/2354"}],"wp:featuredmedia":[{"embeddable":true,"href":"https:\/\/www.motorfix.com.br\/index.php?rest_route=\/wp\/v2\/media\/5429"}],"wp:attachment":[{"href":"https:\/\/www.motorfix.com.br\/index.php?rest_route=%2Fwp%2Fv2%2Fmedia&parent=5427"}],"curies":[{"name":"wp","href":"https:\/\/api.w.org\/{rel}","templated":true}]}}