{"id":5432,"date":"2026-01-21T10:12:43","date_gmt":"2026-01-21T13:12:43","guid":{"rendered":"https:\/\/www.motorfix.com.br\/?page_id=5432"},"modified":"2026-01-21T10:12:43","modified_gmt":"2026-01-21T13:12:43","slug":"mfc174","status":"publish","type":"page","link":"https:\/\/www.motorfix.com.br\/?page_id=5432","title":{"rendered":"MFC174"},"content":{"rendered":"\n<figure class=\"wp-block-gallery has-nested-images columns-default is-cropped wp-block-gallery-1 is-layout-flex wp-block-gallery-is-layout-flex\">\n<figure class=\"wp-block-image size-large\"><img loading=\"lazy\" decoding=\"async\" width=\"1024\" height=\"1024\" data-id=\"5434\" src=\"https:\/\/www.motorfix.com.br\/wp-content\/uploads\/2026\/01\/MFC174-1024x1024.webp\" alt=\"\" class=\"wp-image-5434\" srcset=\"https:\/\/www.motorfix.com.br\/wp-content\/uploads\/2026\/01\/MFC174-1024x1024.webp 1024w, https:\/\/www.motorfix.com.br\/wp-content\/uploads\/2026\/01\/MFC174-300x300.webp 300w, https:\/\/www.motorfix.com.br\/wp-content\/uploads\/2026\/01\/MFC174-150x150.webp 150w, https:\/\/www.motorfix.com.br\/wp-content\/uploads\/2026\/01\/MFC174-768x768.webp 768w, https:\/\/www.motorfix.com.br\/wp-content\/uploads\/2026\/01\/MFC174.webp 1080w, https:\/\/www.motorfix.com.br\/wp-content\/uploads\/2026\/01\/MFC174-125x125.webp 125w\" sizes=\"(max-width: 1024px) 100vw, 1024px\" \/><\/figure>\n\n\n\n<figure class=\"wp-block-image size-large\"><img loading=\"lazy\" decoding=\"async\" width=\"1024\" height=\"1024\" data-id=\"5433\" src=\"https:\/\/www.motorfix.com.br\/wp-content\/uploads\/2026\/01\/MFC174_2-1024x1024.webp\" alt=\"\" class=\"wp-image-5433\" srcset=\"https:\/\/www.motorfix.com.br\/wp-content\/uploads\/2026\/01\/MFC174_2-1024x1024.webp 1024w, https:\/\/www.motorfix.com.br\/wp-content\/uploads\/2026\/01\/MFC174_2-300x300.webp 300w, https:\/\/www.motorfix.com.br\/wp-content\/uploads\/2026\/01\/MFC174_2-150x150.webp 150w, https:\/\/www.motorfix.com.br\/wp-content\/uploads\/2026\/01\/MFC174_2-768x768.webp 768w, https:\/\/www.motorfix.com.br\/wp-content\/uploads\/2026\/01\/MFC174_2.webp 1080w, https:\/\/www.motorfix.com.br\/wp-content\/uploads\/2026\/01\/MFC174_2-125x125.webp 125w\" sizes=\"(max-width: 1024px) 100vw, 1024px\" \/><\/figure>\n\n\n\n<figure class=\"wp-block-image size-large\"><img loading=\"lazy\" decoding=\"async\" width=\"1024\" height=\"1024\" data-id=\"5435\" src=\"https:\/\/www.motorfix.com.br\/wp-content\/uploads\/2026\/01\/MFC174_3-1024x1024.webp\" alt=\"\" class=\"wp-image-5435\" srcset=\"https:\/\/www.motorfix.com.br\/wp-content\/uploads\/2026\/01\/MFC174_3-1024x1024.webp 1024w, https:\/\/www.motorfix.com.br\/wp-content\/uploads\/2026\/01\/MFC174_3-300x300.webp 300w, https:\/\/www.motorfix.com.br\/wp-content\/uploads\/2026\/01\/MFC174_3-150x150.webp 150w, https:\/\/www.motorfix.com.br\/wp-content\/uploads\/2026\/01\/MFC174_3-768x768.webp 768w, https:\/\/www.motorfix.com.br\/wp-content\/uploads\/2026\/01\/MFC174_3.webp 1080w, https:\/\/www.motorfix.com.br\/wp-content\/uploads\/2026\/01\/MFC174_3-125x125.webp 125w\" sizes=\"(max-width: 1024px) 100vw, 1024px\" \/><\/figure>\n<\/figure>\n\n\n\n<p><strong>C\u00e2mbio<\/strong>: 8HP45 8HP70 ZF8HP<\/p>\n\n\n\n<p><strong>C\u00f3digo original:<\/strong>&nbsp;BMW:0501218048,0501220614,24117624192 ZF: 501219037,68261170AA<\/p>\n\n\n\n<p><strong>C\u00f3digo similar:<\/strong>&nbsp;<strong>WEGA:<\/strong>&nbsp;WFC950 |&nbsp;<strong>TECFIL:<\/strong>&nbsp;FCA1596 |&nbsp;<strong>JAPANPARTS:<\/strong>&nbsp;FAT055<\/p>\n\n\n\n<p><strong>ALGUMAS APLICA\u00c7\u00d5ES:&nbsp;<\/strong>AUDI: Q7 3.6,4.0 V8 600CV BMW: GRAN COUPE 3.0, SERIE 1 \u2013 1.6,2.0 X1 2.0,X1 3.0 JEEP GRAND CHEROKEE \u2013 3.0 LAND ROVER DISCOVERY 3.7<\/p>\n","protected":false},"excerpt":{"rendered":"<p>C\u00e2mbio: 8HP45 8HP70 ZF8HP C\u00f3digo original:&nbsp;BMW:0501218048,0501220614,24117624192 ZF: 501219037,68261170AA C\u00f3digo similar:&nbsp;WEGA:&nbsp;WFC950 |&nbsp;TECFIL:&nbsp;FCA1596 |&nbsp;JAPANPARTS:&nbsp;FAT055 ALGUMAS APLICA\u00c7\u00d5ES:&nbsp;AUDI: Q7 3.6,4.0 V8 600CV BMW: GRAN COUPE 3.0, SERIE 1 \u2013 1.6,2.0 X1 2.0,X1 3.0 JEEP GRAND CHEROKEE \u2013 3.0 LAND ROVER DISCOVERY 3.7<\/p>\n","protected":false},"author":1,"featured_media":5434,"parent":2354,"menu_order":0,"comment_status":"closed","ping_status":"closed","template":"","meta":{"footnotes":""},"_links":{"self":[{"href":"https:\/\/www.motorfix.com.br\/index.php?rest_route=\/wp\/v2\/pages\/5432"}],"collection":[{"href":"https:\/\/www.motorfix.com.br\/index.php?rest_route=\/wp\/v2\/pages"}],"about":[{"href":"https:\/\/www.motorfix.com.br\/index.php?rest_route=\/wp\/v2\/types\/page"}],"author":[{"embeddable":true,"href":"https:\/\/www.motorfix.com.br\/index.php?rest_route=\/wp\/v2\/users\/1"}],"replies":[{"embeddable":true,"href":"https:\/\/www.motorfix.com.br\/index.php?rest_route=%2Fwp%2Fv2%2Fcomments&post=5432"}],"version-history":[{"count":1,"href":"https:\/\/www.motorfix.com.br\/index.php?rest_route=\/wp\/v2\/pages\/5432\/revisions"}],"predecessor-version":[{"id":5436,"href":"https:\/\/www.motorfix.com.br\/index.php?rest_route=\/wp\/v2\/pages\/5432\/revisions\/5436"}],"up":[{"embeddable":true,"href":"https:\/\/www.motorfix.com.br\/index.php?rest_route=\/wp\/v2\/pages\/2354"}],"wp:featuredmedia":[{"embeddable":true,"href":"https:\/\/www.motorfix.com.br\/index.php?rest_route=\/wp\/v2\/media\/5434"}],"wp:attachment":[{"href":"https:\/\/www.motorfix.com.br\/index.php?rest_route=%2Fwp%2Fv2%2Fmedia&parent=5432"}],"curies":[{"name":"wp","href":"https:\/\/api.w.org\/{rel}","templated":true}]}}