{"id":5443,"date":"2026-01-21T10:14:02","date_gmt":"2026-01-21T13:14:02","guid":{"rendered":"https:\/\/www.motorfix.com.br\/?page_id=5443"},"modified":"2026-01-21T10:14:02","modified_gmt":"2026-01-21T13:14:02","slug":"le1951","status":"publish","type":"page","link":"https:\/\/www.motorfix.com.br\/?page_id=5443","title":{"rendered":"LE1951"},"content":{"rendered":"\n<figure class=\"wp-block-gallery has-nested-images columns-4 is-cropped wp-block-gallery-1 is-layout-flex wp-block-gallery-is-layout-flex\">\n<figure class=\"wp-block-image size-large\"><img loading=\"lazy\" decoding=\"async\" width=\"1024\" height=\"1024\" data-id=\"5446\" src=\"https:\/\/www.motorfix.com.br\/wp-content\/uploads\/2026\/01\/LE1951-1024x1024.webp\" alt=\"\" class=\"wp-image-5446\" srcset=\"https:\/\/www.motorfix.com.br\/wp-content\/uploads\/2026\/01\/LE1951-1024x1024.webp 1024w, https:\/\/www.motorfix.com.br\/wp-content\/uploads\/2026\/01\/LE1951-300x300.webp 300w, https:\/\/www.motorfix.com.br\/wp-content\/uploads\/2026\/01\/LE1951-150x150.webp 150w, https:\/\/www.motorfix.com.br\/wp-content\/uploads\/2026\/01\/LE1951-768x768.webp 768w, https:\/\/www.motorfix.com.br\/wp-content\/uploads\/2026\/01\/LE1951.webp 1080w, https:\/\/www.motorfix.com.br\/wp-content\/uploads\/2026\/01\/LE1951-125x125.webp 125w\" sizes=\"(max-width: 1024px) 100vw, 1024px\" \/><\/figure>\n\n\n\n<figure class=\"wp-block-image size-large\"><img loading=\"lazy\" decoding=\"async\" width=\"1024\" height=\"1024\" data-id=\"5444\" src=\"https:\/\/www.motorfix.com.br\/wp-content\/uploads\/2026\/01\/LE1951_2-1024x1024.webp\" alt=\"\" class=\"wp-image-5444\" srcset=\"https:\/\/www.motorfix.com.br\/wp-content\/uploads\/2026\/01\/LE1951_2-1024x1024.webp 1024w, https:\/\/www.motorfix.com.br\/wp-content\/uploads\/2026\/01\/LE1951_2-300x300.webp 300w, https:\/\/www.motorfix.com.br\/wp-content\/uploads\/2026\/01\/LE1951_2-150x150.webp 150w, https:\/\/www.motorfix.com.br\/wp-content\/uploads\/2026\/01\/LE1951_2-768x768.webp 768w, https:\/\/www.motorfix.com.br\/wp-content\/uploads\/2026\/01\/LE1951_2.webp 1080w, https:\/\/www.motorfix.com.br\/wp-content\/uploads\/2026\/01\/LE1951_2-125x125.webp 125w\" sizes=\"(max-width: 1024px) 100vw, 1024px\" \/><\/figure>\n\n\n\n<figure class=\"wp-block-image size-large\"><img loading=\"lazy\" decoding=\"async\" width=\"1024\" height=\"1024\" data-id=\"5445\" src=\"https:\/\/www.motorfix.com.br\/wp-content\/uploads\/2026\/01\/LE1951_3-1024x1024.webp\" alt=\"\" class=\"wp-image-5445\" srcset=\"https:\/\/www.motorfix.com.br\/wp-content\/uploads\/2026\/01\/LE1951_3-1024x1024.webp 1024w, https:\/\/www.motorfix.com.br\/wp-content\/uploads\/2026\/01\/LE1951_3-300x300.webp 300w, https:\/\/www.motorfix.com.br\/wp-content\/uploads\/2026\/01\/LE1951_3-150x150.webp 150w, https:\/\/www.motorfix.com.br\/wp-content\/uploads\/2026\/01\/LE1951_3-768x768.webp 768w, https:\/\/www.motorfix.com.br\/wp-content\/uploads\/2026\/01\/LE1951_3.webp 1080w, https:\/\/www.motorfix.com.br\/wp-content\/uploads\/2026\/01\/LE1951_3-125x125.webp 125w\" sizes=\"(max-width: 1024px) 100vw, 1024px\" \/><\/figure>\n\n\n\n<figure class=\"wp-block-image size-large\"><img loading=\"lazy\" decoding=\"async\" width=\"1024\" height=\"1024\" data-id=\"5447\" src=\"https:\/\/www.motorfix.com.br\/wp-content\/uploads\/2026\/01\/LE1951_4-1024x1024.webp\" alt=\"\" class=\"wp-image-5447\" srcset=\"https:\/\/www.motorfix.com.br\/wp-content\/uploads\/2026\/01\/LE1951_4-1024x1024.webp 1024w, https:\/\/www.motorfix.com.br\/wp-content\/uploads\/2026\/01\/LE1951_4-300x300.webp 300w, https:\/\/www.motorfix.com.br\/wp-content\/uploads\/2026\/01\/LE1951_4-150x150.webp 150w, https:\/\/www.motorfix.com.br\/wp-content\/uploads\/2026\/01\/LE1951_4-768x768.webp 768w, https:\/\/www.motorfix.com.br\/wp-content\/uploads\/2026\/01\/LE1951_4.webp 1080w, https:\/\/www.motorfix.com.br\/wp-content\/uploads\/2026\/01\/LE1951_4-125x125.webp 125w\" sizes=\"(max-width: 1024px) 100vw, 1024px\" \/><\/figure>\n<\/figure>\n\n\n\n<p><strong>C\u00f3digo original:<\/strong>&nbsp; JOHN DEERE: DZ105100<\/p>\n\n\n\n<p><strong>C\u00f3digo similar:<\/strong>&nbsp;<strong>DONALDSON:<\/strong>&nbsp;P646644 |&nbsp;<strong>HIFI FILTER:&nbsp;<\/strong>SAO6243<\/p>\n\n\n\n<p><strong>ALGUMAS APLICA\u00c7\u00d5ES:&nbsp;<\/strong>JOHN DEEERE: 1070G, 1510E, 210 GLC, 6100M, 6230R, 6R150, 6R195 LIEBHERR: L 514 , L 538&nbsp;<\/p>\n","protected":false},"excerpt":{"rendered":"<p>C\u00f3digo original:&nbsp; JOHN DEERE: DZ105100 C\u00f3digo similar:&nbsp;DONALDSON:&nbsp;P646644 |&nbsp;HIFI FILTER:&nbsp;SAO6243 ALGUMAS APLICA\u00c7\u00d5ES:&nbsp;JOHN DEEERE: 1070G, 1510E, 210 GLC, 6100M, 6230R, 6R150, 6R195 LIEBHERR: L 514 , L 538&nbsp;<\/p>\n","protected":false},"author":1,"featured_media":5446,"parent":1365,"menu_order":0,"comment_status":"closed","ping_status":"closed","template":"","meta":{"footnotes":""},"_links":{"self":[{"href":"https:\/\/www.motorfix.com.br\/index.php?rest_route=\/wp\/v2\/pages\/5443"}],"collection":[{"href":"https:\/\/www.motorfix.com.br\/index.php?rest_route=\/wp\/v2\/pages"}],"about":[{"href":"https:\/\/www.motorfix.com.br\/index.php?rest_route=\/wp\/v2\/types\/page"}],"author":[{"embeddable":true,"href":"https:\/\/www.motorfix.com.br\/index.php?rest_route=\/wp\/v2\/users\/1"}],"replies":[{"embeddable":true,"href":"https:\/\/www.motorfix.com.br\/index.php?rest_route=%2Fwp%2Fv2%2Fcomments&post=5443"}],"version-history":[{"count":1,"href":"https:\/\/www.motorfix.com.br\/index.php?rest_route=\/wp\/v2\/pages\/5443\/revisions"}],"predecessor-version":[{"id":5448,"href":"https:\/\/www.motorfix.com.br\/index.php?rest_route=\/wp\/v2\/pages\/5443\/revisions\/5448"}],"up":[{"embeddable":true,"href":"https:\/\/www.motorfix.com.br\/index.php?rest_route=\/wp\/v2\/pages\/1365"}],"wp:featuredmedia":[{"embeddable":true,"href":"https:\/\/www.motorfix.com.br\/index.php?rest_route=\/wp\/v2\/media\/5446"}],"wp:attachment":[{"href":"https:\/\/www.motorfix.com.br\/index.php?rest_route=%2Fwp%2Fv2%2Fmedia&parent=5443"}],"curies":[{"name":"wp","href":"https:\/\/api.w.org\/{rel}","templated":true}]}}