{"id":5449,"date":"2026-01-21T10:14:35","date_gmt":"2026-01-21T13:14:35","guid":{"rendered":"https:\/\/www.motorfix.com.br\/?page_id=5449"},"modified":"2026-01-21T10:14:35","modified_gmt":"2026-01-21T13:14:35","slug":"le1937","status":"publish","type":"page","link":"https:\/\/www.motorfix.com.br\/?page_id=5449","title":{"rendered":"LE1937"},"content":{"rendered":"\n<figure class=\"wp-block-gallery has-nested-images columns-4 is-cropped wp-block-gallery-1 is-layout-flex wp-block-gallery-is-layout-flex\">\n<figure class=\"wp-block-image size-large\"><img loading=\"lazy\" decoding=\"async\" width=\"1024\" height=\"1024\" data-id=\"5452\" src=\"https:\/\/www.motorfix.com.br\/wp-content\/uploads\/2026\/01\/LE1937-1024x1024.webp\" alt=\"\" class=\"wp-image-5452\" srcset=\"https:\/\/www.motorfix.com.br\/wp-content\/uploads\/2026\/01\/LE1937-1024x1024.webp 1024w, https:\/\/www.motorfix.com.br\/wp-content\/uploads\/2026\/01\/LE1937-300x300.webp 300w, https:\/\/www.motorfix.com.br\/wp-content\/uploads\/2026\/01\/LE1937-150x150.webp 150w, https:\/\/www.motorfix.com.br\/wp-content\/uploads\/2026\/01\/LE1937-768x768.webp 768w, https:\/\/www.motorfix.com.br\/wp-content\/uploads\/2026\/01\/LE1937.webp 1080w, https:\/\/www.motorfix.com.br\/wp-content\/uploads\/2026\/01\/LE1937-125x125.webp 125w\" sizes=\"(max-width: 1024px) 100vw, 1024px\" \/><\/figure>\n\n\n\n<figure class=\"wp-block-image size-large\"><img loading=\"lazy\" decoding=\"async\" width=\"1024\" height=\"1024\" data-id=\"5453\" src=\"https:\/\/www.motorfix.com.br\/wp-content\/uploads\/2026\/01\/LE1937_2-1024x1024.webp\" alt=\"\" class=\"wp-image-5453\" srcset=\"https:\/\/www.motorfix.com.br\/wp-content\/uploads\/2026\/01\/LE1937_2-1024x1024.webp 1024w, https:\/\/www.motorfix.com.br\/wp-content\/uploads\/2026\/01\/LE1937_2-300x300.webp 300w, https:\/\/www.motorfix.com.br\/wp-content\/uploads\/2026\/01\/LE1937_2-150x150.webp 150w, https:\/\/www.motorfix.com.br\/wp-content\/uploads\/2026\/01\/LE1937_2-768x768.webp 768w, https:\/\/www.motorfix.com.br\/wp-content\/uploads\/2026\/01\/LE1937_2.webp 1080w, https:\/\/www.motorfix.com.br\/wp-content\/uploads\/2026\/01\/LE1937_2-125x125.webp 125w\" sizes=\"(max-width: 1024px) 100vw, 1024px\" \/><\/figure>\n\n\n\n<figure class=\"wp-block-image size-large\"><img loading=\"lazy\" decoding=\"async\" width=\"1024\" height=\"1024\" data-id=\"5450\" src=\"https:\/\/www.motorfix.com.br\/wp-content\/uploads\/2026\/01\/LE1937_3-1024x1024.webp\" alt=\"\" class=\"wp-image-5450\" srcset=\"https:\/\/www.motorfix.com.br\/wp-content\/uploads\/2026\/01\/LE1937_3-1024x1024.webp 1024w, https:\/\/www.motorfix.com.br\/wp-content\/uploads\/2026\/01\/LE1937_3-300x300.webp 300w, https:\/\/www.motorfix.com.br\/wp-content\/uploads\/2026\/01\/LE1937_3-150x150.webp 150w, https:\/\/www.motorfix.com.br\/wp-content\/uploads\/2026\/01\/LE1937_3-768x768.webp 768w, https:\/\/www.motorfix.com.br\/wp-content\/uploads\/2026\/01\/LE1937_3.webp 1080w, https:\/\/www.motorfix.com.br\/wp-content\/uploads\/2026\/01\/LE1937_3-125x125.webp 125w\" sizes=\"(max-width: 1024px) 100vw, 1024px\" \/><\/figure>\n\n\n\n<figure class=\"wp-block-image size-large\"><img loading=\"lazy\" decoding=\"async\" width=\"1024\" height=\"1024\" data-id=\"5451\" src=\"https:\/\/www.motorfix.com.br\/wp-content\/uploads\/2026\/01\/LE1937_4-1024x1024.webp\" alt=\"\" class=\"wp-image-5451\" srcset=\"https:\/\/www.motorfix.com.br\/wp-content\/uploads\/2026\/01\/LE1937_4-1024x1024.webp 1024w, https:\/\/www.motorfix.com.br\/wp-content\/uploads\/2026\/01\/LE1937_4-300x300.webp 300w, https:\/\/www.motorfix.com.br\/wp-content\/uploads\/2026\/01\/LE1937_4-150x150.webp 150w, https:\/\/www.motorfix.com.br\/wp-content\/uploads\/2026\/01\/LE1937_4-768x768.webp 768w, https:\/\/www.motorfix.com.br\/wp-content\/uploads\/2026\/01\/LE1937_4.webp 1080w, https:\/\/www.motorfix.com.br\/wp-content\/uploads\/2026\/01\/LE1937_4-125x125.webp 125w\" sizes=\"(max-width: 1024px) 100vw, 1024px\" \/><\/figure>\n<\/figure>\n\n\n\n<p><strong>C\u00f3digo original:<\/strong>&nbsp;<strong>CLAAS:<\/strong>&nbsp;796519 |&nbsp;<strong>MERCEDES-BENZ:<\/strong>&nbsp;5410100080, A541010080<\/p>\n\n\n\n<p><strong>C\u00f3digo similar:<\/strong>&nbsp;<strong>DONALDSON:<\/strong>&nbsp;P954537 |&nbsp;<strong>HIFI FILTER:<\/strong>&nbsp;SAO5119<\/p>\n\n\n\n<p><strong>ALGUMAS APLICA\u00c7\u00d5ES:&nbsp;<\/strong>CLAAS JAGUAR 830, 850, 870, 890, 900 MERCEDEZ-BENZ: ACTROS 1831, 1832, 1835, 1843, 2031, 2036, 2040<\/p>\n","protected":false},"excerpt":{"rendered":"<p>C\u00f3digo original:&nbsp;CLAAS:&nbsp;796519 |&nbsp;MERCEDES-BENZ:&nbsp;5410100080, A541010080 C\u00f3digo similar:&nbsp;DONALDSON:&nbsp;P954537 |&nbsp;HIFI FILTER:&nbsp;SAO5119 ALGUMAS APLICA\u00c7\u00d5ES:&nbsp;CLAAS JAGUAR 830, 850, 870, 890, 900 MERCEDEZ-BENZ: ACTROS 1831, 1832, 1835, 1843, 2031, 2036, 2040<\/p>\n","protected":false},"author":1,"featured_media":5452,"parent":1365,"menu_order":0,"comment_status":"closed","ping_status":"closed","template":"","meta":{"footnotes":""},"_links":{"self":[{"href":"https:\/\/www.motorfix.com.br\/index.php?rest_route=\/wp\/v2\/pages\/5449"}],"collection":[{"href":"https:\/\/www.motorfix.com.br\/index.php?rest_route=\/wp\/v2\/pages"}],"about":[{"href":"https:\/\/www.motorfix.com.br\/index.php?rest_route=\/wp\/v2\/types\/page"}],"author":[{"embeddable":true,"href":"https:\/\/www.motorfix.com.br\/index.php?rest_route=\/wp\/v2\/users\/1"}],"replies":[{"embeddable":true,"href":"https:\/\/www.motorfix.com.br\/index.php?rest_route=%2Fwp%2Fv2%2Fcomments&post=5449"}],"version-history":[{"count":1,"href":"https:\/\/www.motorfix.com.br\/index.php?rest_route=\/wp\/v2\/pages\/5449\/revisions"}],"predecessor-version":[{"id":5454,"href":"https:\/\/www.motorfix.com.br\/index.php?rest_route=\/wp\/v2\/pages\/5449\/revisions\/5454"}],"up":[{"embeddable":true,"href":"https:\/\/www.motorfix.com.br\/index.php?rest_route=\/wp\/v2\/pages\/1365"}],"wp:featuredmedia":[{"embeddable":true,"href":"https:\/\/www.motorfix.com.br\/index.php?rest_route=\/wp\/v2\/media\/5452"}],"wp:attachment":[{"href":"https:\/\/www.motorfix.com.br\/index.php?rest_route=%2Fwp%2Fv2%2Fmedia&parent=5449"}],"curies":[{"name":"wp","href":"https:\/\/api.w.org\/{rel}","templated":true}]}}