{"id":5467,"date":"2026-01-21T10:19:12","date_gmt":"2026-01-21T13:19:12","guid":{"rendered":"https:\/\/www.motorfix.com.br\/?page_id=5467"},"modified":"2026-01-21T10:19:12","modified_gmt":"2026-01-21T13:19:12","slug":"ce7930","status":"publish","type":"page","link":"https:\/\/www.motorfix.com.br\/?page_id=5467","title":{"rendered":"CE7930"},"content":{"rendered":"\n<figure class=\"wp-block-gallery has-nested-images columns-4 is-cropped wp-block-gallery-1 is-layout-flex wp-block-gallery-is-layout-flex\">\n<figure class=\"wp-block-image size-large\"><img loading=\"lazy\" decoding=\"async\" width=\"1024\" height=\"1024\" data-id=\"5470\" src=\"https:\/\/www.motorfix.com.br\/wp-content\/uploads\/2026\/01\/CE7930-1024x1024.webp\" alt=\"\" class=\"wp-image-5470\" srcset=\"https:\/\/www.motorfix.com.br\/wp-content\/uploads\/2026\/01\/CE7930-1024x1024.webp 1024w, https:\/\/www.motorfix.com.br\/wp-content\/uploads\/2026\/01\/CE7930-300x300.webp 300w, https:\/\/www.motorfix.com.br\/wp-content\/uploads\/2026\/01\/CE7930-150x150.webp 150w, https:\/\/www.motorfix.com.br\/wp-content\/uploads\/2026\/01\/CE7930-768x768.webp 768w, https:\/\/www.motorfix.com.br\/wp-content\/uploads\/2026\/01\/CE7930.webp 1080w, https:\/\/www.motorfix.com.br\/wp-content\/uploads\/2026\/01\/CE7930-125x125.webp 125w\" sizes=\"(max-width: 1024px) 100vw, 1024px\" \/><\/figure>\n\n\n\n<figure class=\"wp-block-image size-large\"><img loading=\"lazy\" decoding=\"async\" width=\"1024\" height=\"1024\" data-id=\"5468\" src=\"https:\/\/www.motorfix.com.br\/wp-content\/uploads\/2026\/01\/CE7930_2-1024x1024.webp\" alt=\"\" class=\"wp-image-5468\" srcset=\"https:\/\/www.motorfix.com.br\/wp-content\/uploads\/2026\/01\/CE7930_2-1024x1024.webp 1024w, https:\/\/www.motorfix.com.br\/wp-content\/uploads\/2026\/01\/CE7930_2-300x300.webp 300w, https:\/\/www.motorfix.com.br\/wp-content\/uploads\/2026\/01\/CE7930_2-150x150.webp 150w, https:\/\/www.motorfix.com.br\/wp-content\/uploads\/2026\/01\/CE7930_2-768x768.webp 768w, https:\/\/www.motorfix.com.br\/wp-content\/uploads\/2026\/01\/CE7930_2.webp 1080w, https:\/\/www.motorfix.com.br\/wp-content\/uploads\/2026\/01\/CE7930_2-125x125.webp 125w\" sizes=\"(max-width: 1024px) 100vw, 1024px\" \/><\/figure>\n\n\n\n<figure class=\"wp-block-image size-large\"><img loading=\"lazy\" decoding=\"async\" width=\"1024\" height=\"1024\" data-id=\"5469\" src=\"https:\/\/www.motorfix.com.br\/wp-content\/uploads\/2026\/01\/CE7930_3-1024x1024.webp\" alt=\"\" class=\"wp-image-5469\" srcset=\"https:\/\/www.motorfix.com.br\/wp-content\/uploads\/2026\/01\/CE7930_3-1024x1024.webp 1024w, https:\/\/www.motorfix.com.br\/wp-content\/uploads\/2026\/01\/CE7930_3-300x300.webp 300w, https:\/\/www.motorfix.com.br\/wp-content\/uploads\/2026\/01\/CE7930_3-150x150.webp 150w, https:\/\/www.motorfix.com.br\/wp-content\/uploads\/2026\/01\/CE7930_3-768x768.webp 768w, https:\/\/www.motorfix.com.br\/wp-content\/uploads\/2026\/01\/CE7930_3.webp 1080w, https:\/\/www.motorfix.com.br\/wp-content\/uploads\/2026\/01\/CE7930_3-125x125.webp 125w\" sizes=\"(max-width: 1024px) 100vw, 1024px\" \/><\/figure>\n\n\n\n<figure class=\"wp-block-image size-large\"><img loading=\"lazy\" decoding=\"async\" width=\"1024\" height=\"1024\" data-id=\"5471\" src=\"https:\/\/www.motorfix.com.br\/wp-content\/uploads\/2026\/01\/CE7930_4-1024x1024.webp\" alt=\"\" class=\"wp-image-5471\" srcset=\"https:\/\/www.motorfix.com.br\/wp-content\/uploads\/2026\/01\/CE7930_4-1024x1024.webp 1024w, https:\/\/www.motorfix.com.br\/wp-content\/uploads\/2026\/01\/CE7930_4-300x300.webp 300w, https:\/\/www.motorfix.com.br\/wp-content\/uploads\/2026\/01\/CE7930_4-150x150.webp 150w, https:\/\/www.motorfix.com.br\/wp-content\/uploads\/2026\/01\/CE7930_4-768x768.webp 768w, https:\/\/www.motorfix.com.br\/wp-content\/uploads\/2026\/01\/CE7930_4.webp 1080w, https:\/\/www.motorfix.com.br\/wp-content\/uploads\/2026\/01\/CE7930_4-125x125.webp 125w\" sizes=\"(max-width: 1024px) 100vw, 1024px\" \/><\/figure>\n<\/figure>\n\n\n\n<p><strong>C\u00f3digo original:<\/strong> CLAAS:7811491<\/p>\n\n\n\n<p><strong>C\u00f3digo similar: HIFI FILTER: <\/strong>SN70430<\/p>\n\n\n\n<p><strong>ALGUMAS APLICA\u00c7\u00d5ES:<\/strong> CLAAS: JAGUAR 840,850,860,870,880,930,940 LEXION 620,630,660,670 MERCEDES: OM 473 LA<\/p>\n","protected":false},"excerpt":{"rendered":"<p>C\u00f3digo original: CLAAS:7811491 C\u00f3digo similar: HIFI FILTER: SN70430 ALGUMAS APLICA\u00c7\u00d5ES: CLAAS: JAGUAR 840,850,860,870,880,930,940 LEXION 620,630,660,670 MERCEDES: OM 473 LA<\/p>\n","protected":false},"author":1,"featured_media":5470,"parent":1174,"menu_order":0,"comment_status":"closed","ping_status":"closed","template":"","meta":{"footnotes":""},"_links":{"self":[{"href":"https:\/\/www.motorfix.com.br\/index.php?rest_route=\/wp\/v2\/pages\/5467"}],"collection":[{"href":"https:\/\/www.motorfix.com.br\/index.php?rest_route=\/wp\/v2\/pages"}],"about":[{"href":"https:\/\/www.motorfix.com.br\/index.php?rest_route=\/wp\/v2\/types\/page"}],"author":[{"embeddable":true,"href":"https:\/\/www.motorfix.com.br\/index.php?rest_route=\/wp\/v2\/users\/1"}],"replies":[{"embeddable":true,"href":"https:\/\/www.motorfix.com.br\/index.php?rest_route=%2Fwp%2Fv2%2Fcomments&post=5467"}],"version-history":[{"count":1,"href":"https:\/\/www.motorfix.com.br\/index.php?rest_route=\/wp\/v2\/pages\/5467\/revisions"}],"predecessor-version":[{"id":5472,"href":"https:\/\/www.motorfix.com.br\/index.php?rest_route=\/wp\/v2\/pages\/5467\/revisions\/5472"}],"up":[{"embeddable":true,"href":"https:\/\/www.motorfix.com.br\/index.php?rest_route=\/wp\/v2\/pages\/1174"}],"wp:featuredmedia":[{"embeddable":true,"href":"https:\/\/www.motorfix.com.br\/index.php?rest_route=\/wp\/v2\/media\/5470"}],"wp:attachment":[{"href":"https:\/\/www.motorfix.com.br\/index.php?rest_route=%2Fwp%2Fv2%2Fmedia&parent=5467"}],"curies":[{"name":"wp","href":"https:\/\/api.w.org\/{rel}","templated":true}]}}