{"id":5473,"date":"2026-01-21T10:21:09","date_gmt":"2026-01-21T13:21:09","guid":{"rendered":"https:\/\/www.motorfix.com.br\/?page_id=5473"},"modified":"2026-01-21T10:21:09","modified_gmt":"2026-01-21T13:21:09","slug":"ce7418","status":"publish","type":"page","link":"https:\/\/www.motorfix.com.br\/?page_id=5473","title":{"rendered":"CE7418"},"content":{"rendered":"\n<figure class=\"wp-block-gallery has-nested-images columns-4 is-cropped wp-block-gallery-1 is-layout-flex wp-block-gallery-is-layout-flex\">\n<figure class=\"wp-block-image size-large\"><img loading=\"lazy\" decoding=\"async\" width=\"1024\" height=\"1024\" data-id=\"5474\" src=\"https:\/\/www.motorfix.com.br\/wp-content\/uploads\/2026\/01\/CE7418_2-1024x1024.webp\" alt=\"\" class=\"wp-image-5474\" srcset=\"https:\/\/www.motorfix.com.br\/wp-content\/uploads\/2026\/01\/CE7418_2-1024x1024.webp 1024w, https:\/\/www.motorfix.com.br\/wp-content\/uploads\/2026\/01\/CE7418_2-300x300.webp 300w, https:\/\/www.motorfix.com.br\/wp-content\/uploads\/2026\/01\/CE7418_2-150x150.webp 150w, https:\/\/www.motorfix.com.br\/wp-content\/uploads\/2026\/01\/CE7418_2-768x768.webp 768w, https:\/\/www.motorfix.com.br\/wp-content\/uploads\/2026\/01\/CE7418_2.webp 1080w, https:\/\/www.motorfix.com.br\/wp-content\/uploads\/2026\/01\/CE7418_2-125x125.webp 125w\" sizes=\"(max-width: 1024px) 100vw, 1024px\" \/><\/figure>\n\n\n\n<figure class=\"wp-block-image size-large\"><img loading=\"lazy\" decoding=\"async\" width=\"1024\" height=\"1024\" data-id=\"5476\" src=\"https:\/\/www.motorfix.com.br\/wp-content\/uploads\/2026\/01\/CE7418_3-1024x1024.webp\" alt=\"\" class=\"wp-image-5476\" srcset=\"https:\/\/www.motorfix.com.br\/wp-content\/uploads\/2026\/01\/CE7418_3-1024x1024.webp 1024w, https:\/\/www.motorfix.com.br\/wp-content\/uploads\/2026\/01\/CE7418_3-300x300.webp 300w, https:\/\/www.motorfix.com.br\/wp-content\/uploads\/2026\/01\/CE7418_3-150x150.webp 150w, https:\/\/www.motorfix.com.br\/wp-content\/uploads\/2026\/01\/CE7418_3-768x768.webp 768w, https:\/\/www.motorfix.com.br\/wp-content\/uploads\/2026\/01\/CE7418_3.webp 1080w, https:\/\/www.motorfix.com.br\/wp-content\/uploads\/2026\/01\/CE7418_3-125x125.webp 125w\" sizes=\"(max-width: 1024px) 100vw, 1024px\" \/><\/figure>\n\n\n\n<figure class=\"wp-block-image size-large\"><img loading=\"lazy\" decoding=\"async\" width=\"1024\" height=\"1024\" data-id=\"5475\" src=\"https:\/\/www.motorfix.com.br\/wp-content\/uploads\/2026\/01\/CE7418_4-1024x1024.webp\" alt=\"\" class=\"wp-image-5475\" srcset=\"https:\/\/www.motorfix.com.br\/wp-content\/uploads\/2026\/01\/CE7418_4-1024x1024.webp 1024w, https:\/\/www.motorfix.com.br\/wp-content\/uploads\/2026\/01\/CE7418_4-300x300.webp 300w, https:\/\/www.motorfix.com.br\/wp-content\/uploads\/2026\/01\/CE7418_4-150x150.webp 150w, https:\/\/www.motorfix.com.br\/wp-content\/uploads\/2026\/01\/CE7418_4-768x768.webp 768w, https:\/\/www.motorfix.com.br\/wp-content\/uploads\/2026\/01\/CE7418_4.webp 1080w, https:\/\/www.motorfix.com.br\/wp-content\/uploads\/2026\/01\/CE7418_4-125x125.webp 125w\" sizes=\"(max-width: 1024px) 100vw, 1024px\" \/><\/figure>\n\n\n\n<figure class=\"wp-block-image size-large\"><img loading=\"lazy\" decoding=\"async\" width=\"1024\" height=\"1024\" data-id=\"5477\" src=\"https:\/\/www.motorfix.com.br\/wp-content\/uploads\/2026\/01\/CE7418-1024x1024.webp\" alt=\"\" class=\"wp-image-5477\" srcset=\"https:\/\/www.motorfix.com.br\/wp-content\/uploads\/2026\/01\/CE7418-1024x1024.webp 1024w, https:\/\/www.motorfix.com.br\/wp-content\/uploads\/2026\/01\/CE7418-300x300.webp 300w, https:\/\/www.motorfix.com.br\/wp-content\/uploads\/2026\/01\/CE7418-150x150.webp 150w, https:\/\/www.motorfix.com.br\/wp-content\/uploads\/2026\/01\/CE7418-768x768.webp 768w, https:\/\/www.motorfix.com.br\/wp-content\/uploads\/2026\/01\/CE7418.webp 1080w, https:\/\/www.motorfix.com.br\/wp-content\/uploads\/2026\/01\/CE7418-125x125.webp 125w\" sizes=\"(max-width: 1024px) 100vw, 1024px\" \/><\/figure>\n<\/figure>\n\n\n\n<p><strong>C\u00f3digo original:<\/strong> CLAAS:0019861050 MAN: 51125036004 AGCO: 72638609 FENDT: H218PF150001A<\/p>\n\n\n\n<p><strong>C\u00f3digo similar: HENGST:<\/strong> E464KP02D418<\/p>\n\n\n\n<p><strong>ALGUMAS APLICA\u00c7\u00d5ES:<\/strong> FENDT:VARIO SERIE 1000 FENDT:VARIO SERIE 900 MAN: LION S INTERCITY CLAAS: LEXION 6900-5300<\/p>\n","protected":false},"excerpt":{"rendered":"<p>C\u00f3digo original: CLAAS:0019861050 MAN: 51125036004 AGCO: 72638609 FENDT: H218PF150001A C\u00f3digo similar: HENGST: E464KP02D418 ALGUMAS APLICA\u00c7\u00d5ES: FENDT:VARIO SERIE 1000 FENDT:VARIO SERIE 900 MAN: LION S INTERCITY CLAAS: LEXION 6900-5300<\/p>\n","protected":false},"author":1,"featured_media":5477,"parent":1174,"menu_order":0,"comment_status":"closed","ping_status":"closed","template":"","meta":{"footnotes":""},"_links":{"self":[{"href":"https:\/\/www.motorfix.com.br\/index.php?rest_route=\/wp\/v2\/pages\/5473"}],"collection":[{"href":"https:\/\/www.motorfix.com.br\/index.php?rest_route=\/wp\/v2\/pages"}],"about":[{"href":"https:\/\/www.motorfix.com.br\/index.php?rest_route=\/wp\/v2\/types\/page"}],"author":[{"embeddable":true,"href":"https:\/\/www.motorfix.com.br\/index.php?rest_route=\/wp\/v2\/users\/1"}],"replies":[{"embeddable":true,"href":"https:\/\/www.motorfix.com.br\/index.php?rest_route=%2Fwp%2Fv2%2Fcomments&post=5473"}],"version-history":[{"count":1,"href":"https:\/\/www.motorfix.com.br\/index.php?rest_route=\/wp\/v2\/pages\/5473\/revisions"}],"predecessor-version":[{"id":5478,"href":"https:\/\/www.motorfix.com.br\/index.php?rest_route=\/wp\/v2\/pages\/5473\/revisions\/5478"}],"up":[{"embeddable":true,"href":"https:\/\/www.motorfix.com.br\/index.php?rest_route=\/wp\/v2\/pages\/1174"}],"wp:featuredmedia":[{"embeddable":true,"href":"https:\/\/www.motorfix.com.br\/index.php?rest_route=\/wp\/v2\/media\/5477"}],"wp:attachment":[{"href":"https:\/\/www.motorfix.com.br\/index.php?rest_route=%2Fwp%2Fv2%2Fmedia&parent=5473"}],"curies":[{"name":"wp","href":"https:\/\/api.w.org\/{rel}","templated":true}]}}