{"id":5485,"date":"2026-01-21T10:22:46","date_gmt":"2026-01-21T13:22:46","guid":{"rendered":"https:\/\/www.motorfix.com.br\/?page_id=5485"},"modified":"2026-01-21T10:22:46","modified_gmt":"2026-01-21T13:22:46","slug":"cb874","status":"publish","type":"page","link":"https:\/\/www.motorfix.com.br\/?page_id=5485","title":{"rendered":"CB874"},"content":{"rendered":"\n<figure class=\"wp-block-gallery has-nested-images columns-default is-cropped wp-block-gallery-1 is-layout-flex wp-block-gallery-is-layout-flex\">\n<figure class=\"wp-block-image size-large\"><img loading=\"lazy\" decoding=\"async\" width=\"1024\" height=\"1024\" data-id=\"5488\" src=\"https:\/\/www.motorfix.com.br\/wp-content\/uploads\/2026\/01\/CB874-1024x1024.webp\" alt=\"\" class=\"wp-image-5488\" srcset=\"https:\/\/www.motorfix.com.br\/wp-content\/uploads\/2026\/01\/CB874-1024x1024.webp 1024w, https:\/\/www.motorfix.com.br\/wp-content\/uploads\/2026\/01\/CB874-300x300.webp 300w, https:\/\/www.motorfix.com.br\/wp-content\/uploads\/2026\/01\/CB874-150x150.webp 150w, https:\/\/www.motorfix.com.br\/wp-content\/uploads\/2026\/01\/CB874-768x768.webp 768w, https:\/\/www.motorfix.com.br\/wp-content\/uploads\/2026\/01\/CB874.webp 1080w, https:\/\/www.motorfix.com.br\/wp-content\/uploads\/2026\/01\/CB874-125x125.webp 125w\" sizes=\"(max-width: 1024px) 100vw, 1024px\" \/><\/figure>\n\n\n\n<figure class=\"wp-block-image size-large\"><img loading=\"lazy\" decoding=\"async\" width=\"1024\" height=\"1024\" data-id=\"5487\" src=\"https:\/\/www.motorfix.com.br\/wp-content\/uploads\/2026\/01\/CB874_2-1024x1024.webp\" alt=\"\" class=\"wp-image-5487\" srcset=\"https:\/\/www.motorfix.com.br\/wp-content\/uploads\/2026\/01\/CB874_2-1024x1024.webp 1024w, https:\/\/www.motorfix.com.br\/wp-content\/uploads\/2026\/01\/CB874_2-300x300.webp 300w, https:\/\/www.motorfix.com.br\/wp-content\/uploads\/2026\/01\/CB874_2-150x150.webp 150w, https:\/\/www.motorfix.com.br\/wp-content\/uploads\/2026\/01\/CB874_2-768x768.webp 768w, https:\/\/www.motorfix.com.br\/wp-content\/uploads\/2026\/01\/CB874_2.webp 1080w, https:\/\/www.motorfix.com.br\/wp-content\/uploads\/2026\/01\/CB874_2-125x125.webp 125w\" sizes=\"(max-width: 1024px) 100vw, 1024px\" \/><\/figure>\n\n\n\n<figure class=\"wp-block-image size-large\"><img loading=\"lazy\" decoding=\"async\" width=\"1024\" height=\"1024\" data-id=\"5486\" src=\"https:\/\/www.motorfix.com.br\/wp-content\/uploads\/2026\/01\/CB874_3-1024x1024.webp\" alt=\"\" class=\"wp-image-5486\" srcset=\"https:\/\/www.motorfix.com.br\/wp-content\/uploads\/2026\/01\/CB874_3-1024x1024.webp 1024w, https:\/\/www.motorfix.com.br\/wp-content\/uploads\/2026\/01\/CB874_3-300x300.webp 300w, https:\/\/www.motorfix.com.br\/wp-content\/uploads\/2026\/01\/CB874_3-150x150.webp 150w, https:\/\/www.motorfix.com.br\/wp-content\/uploads\/2026\/01\/CB874_3-768x768.webp 768w, https:\/\/www.motorfix.com.br\/wp-content\/uploads\/2026\/01\/CB874_3.webp 1080w, https:\/\/www.motorfix.com.br\/wp-content\/uploads\/2026\/01\/CB874_3-125x125.webp 125w\" sizes=\"(max-width: 1024px) 100vw, 1024px\" \/><\/figure>\n<\/figure>\n\n\n\n<p><strong>C\u00f3digo original:<\/strong>&nbsp; NISSAN: 1640000Q2M,1640000Q3K,164009320R<\/p>\n\n\n\n<p><strong>C\u00f3digo similar:<\/strong>&nbsp;<strong>TECFIL<\/strong>: PSC874 |&nbsp;<strong>WEGA<\/strong>: FCD2173<\/p>\n\n\n\n<p><strong>ALGUMAS APLICA\u00c7\u00d5ES:&nbsp;<\/strong>NISSAN: FRONTIER MOTOR 2.3 2021&gt; FRONTIER MOTOR 2.3 190CV 2017&gt; RENAULT: MASTER 2.3 DCI 136CV 2022&gt;<\/p>\n","protected":false},"excerpt":{"rendered":"<p>C\u00f3digo original:&nbsp; NISSAN: 1640000Q2M,1640000Q3K,164009320R C\u00f3digo similar:&nbsp;TECFIL: PSC874 |&nbsp;WEGA: FCD2173 ALGUMAS APLICA\u00c7\u00d5ES:&nbsp;NISSAN: FRONTIER MOTOR 2.3 2021&gt; FRONTIER MOTOR 2.3 190CV 2017&gt; RENAULT: MASTER 2.3 DCI 136CV 2022&gt;<\/p>\n","protected":false},"author":1,"featured_media":5488,"parent":1174,"menu_order":0,"comment_status":"closed","ping_status":"closed","template":"","meta":{"footnotes":""},"_links":{"self":[{"href":"https:\/\/www.motorfix.com.br\/index.php?rest_route=\/wp\/v2\/pages\/5485"}],"collection":[{"href":"https:\/\/www.motorfix.com.br\/index.php?rest_route=\/wp\/v2\/pages"}],"about":[{"href":"https:\/\/www.motorfix.com.br\/index.php?rest_route=\/wp\/v2\/types\/page"}],"author":[{"embeddable":true,"href":"https:\/\/www.motorfix.com.br\/index.php?rest_route=\/wp\/v2\/users\/1"}],"replies":[{"embeddable":true,"href":"https:\/\/www.motorfix.com.br\/index.php?rest_route=%2Fwp%2Fv2%2Fcomments&post=5485"}],"version-history":[{"count":1,"href":"https:\/\/www.motorfix.com.br\/index.php?rest_route=\/wp\/v2\/pages\/5485\/revisions"}],"predecessor-version":[{"id":5489,"href":"https:\/\/www.motorfix.com.br\/index.php?rest_route=\/wp\/v2\/pages\/5485\/revisions\/5489"}],"up":[{"embeddable":true,"href":"https:\/\/www.motorfix.com.br\/index.php?rest_route=\/wp\/v2\/pages\/1174"}],"wp:featuredmedia":[{"embeddable":true,"href":"https:\/\/www.motorfix.com.br\/index.php?rest_route=\/wp\/v2\/media\/5488"}],"wp:attachment":[{"href":"https:\/\/www.motorfix.com.br\/index.php?rest_route=%2Fwp%2Fv2%2Fmedia&parent=5485"}],"curies":[{"name":"wp","href":"https:\/\/api.w.org\/{rel}","templated":true}]}}