{"id":5493,"date":"2026-01-29T15:39:19","date_gmt":"2026-01-29T18:39:19","guid":{"rendered":"https:\/\/www.motorfix.com.br\/?page_id=5493"},"modified":"2026-01-29T15:39:19","modified_gmt":"2026-01-29T18:39:19","slug":"mfc186","status":"publish","type":"page","link":"https:\/\/www.motorfix.com.br\/?page_id=5493","title":{"rendered":"MFC186"},"content":{"rendered":"\n<figure class=\"wp-block-gallery has-nested-images columns-default is-cropped wp-block-gallery-1 is-layout-flex wp-block-gallery-is-layout-flex\">\n<figure class=\"wp-block-image size-large\"><img loading=\"lazy\" decoding=\"async\" width=\"1024\" height=\"1024\" data-id=\"5494\" src=\"https:\/\/www.motorfix.com.br\/wp-content\/uploads\/2026\/01\/MFC186-1024x1024.webp\" alt=\"\" class=\"wp-image-5494\" srcset=\"https:\/\/www.motorfix.com.br\/wp-content\/uploads\/2026\/01\/MFC186-1024x1024.webp 1024w, https:\/\/www.motorfix.com.br\/wp-content\/uploads\/2026\/01\/MFC186-300x300.webp 300w, https:\/\/www.motorfix.com.br\/wp-content\/uploads\/2026\/01\/MFC186-150x150.webp 150w, https:\/\/www.motorfix.com.br\/wp-content\/uploads\/2026\/01\/MFC186-768x768.webp 768w, https:\/\/www.motorfix.com.br\/wp-content\/uploads\/2026\/01\/MFC186.webp 1080w, https:\/\/www.motorfix.com.br\/wp-content\/uploads\/2026\/01\/MFC186-125x125.webp 125w\" sizes=\"(max-width: 1024px) 100vw, 1024px\" \/><\/figure>\n\n\n\n<figure class=\"wp-block-image size-large\"><img loading=\"lazy\" decoding=\"async\" width=\"1024\" height=\"1024\" data-id=\"5495\" src=\"https:\/\/www.motorfix.com.br\/wp-content\/uploads\/2026\/01\/MFC186_2-1024x1024.webp\" alt=\"\" class=\"wp-image-5495\" srcset=\"https:\/\/www.motorfix.com.br\/wp-content\/uploads\/2026\/01\/MFC186_2-1024x1024.webp 1024w, https:\/\/www.motorfix.com.br\/wp-content\/uploads\/2026\/01\/MFC186_2-300x300.webp 300w, https:\/\/www.motorfix.com.br\/wp-content\/uploads\/2026\/01\/MFC186_2-150x150.webp 150w, https:\/\/www.motorfix.com.br\/wp-content\/uploads\/2026\/01\/MFC186_2-768x768.webp 768w, https:\/\/www.motorfix.com.br\/wp-content\/uploads\/2026\/01\/MFC186_2.webp 1080w, https:\/\/www.motorfix.com.br\/wp-content\/uploads\/2026\/01\/MFC186_2-125x125.webp 125w\" sizes=\"(max-width: 1024px) 100vw, 1024px\" \/><\/figure>\n\n\n\n<figure class=\"wp-block-image size-large\"><img loading=\"lazy\" decoding=\"async\" width=\"1024\" height=\"1024\" data-id=\"5496\" src=\"https:\/\/www.motorfix.com.br\/wp-content\/uploads\/2026\/01\/MFC186_3-1024x1024.webp\" alt=\"\" class=\"wp-image-5496\" srcset=\"https:\/\/www.motorfix.com.br\/wp-content\/uploads\/2026\/01\/MFC186_3-1024x1024.webp 1024w, https:\/\/www.motorfix.com.br\/wp-content\/uploads\/2026\/01\/MFC186_3-300x300.webp 300w, https:\/\/www.motorfix.com.br\/wp-content\/uploads\/2026\/01\/MFC186_3-150x150.webp 150w, https:\/\/www.motorfix.com.br\/wp-content\/uploads\/2026\/01\/MFC186_3-768x768.webp 768w, https:\/\/www.motorfix.com.br\/wp-content\/uploads\/2026\/01\/MFC186_3.webp 1080w, https:\/\/www.motorfix.com.br\/wp-content\/uploads\/2026\/01\/MFC186_3-125x125.webp 125w\" sizes=\"(max-width: 1024px) 100vw, 1024px\" \/><\/figure>\n<\/figure>\n\n\n\n<p><strong>C\u00e2mbio<\/strong>: ZF6HP19, ZF6HP21<\/p>\n\n\n\n<p><strong>C\u00f3digo original:<\/strong>&nbsp;BMW: 24152333907, 24117613253<\/p>\n\n\n\n<p><strong>C\u00f3digo similar<\/strong>:&nbsp;<strong>WEGA:<\/strong>&nbsp;WFC949 |&nbsp;<strong>TECFIL:<\/strong>&nbsp;FCA1583 |&nbsp;<strong>HENGST:<\/strong>&nbsp;HG112HD843 |&nbsp;<strong>MAHLE:<\/strong>&nbsp;HX154<\/p>\n\n\n\n<p><strong>ALGUMAS APLICA\u00c7\u00d5ES:<\/strong>&nbsp;AUDI: A8 3.0L V6, A8 3.2L V6, A8 3.7L V8, Q7 3.6L V6 BMW: 116I, 118I, 120I, 125I, 135I, 320I, 323I<\/p>\n","protected":false},"excerpt":{"rendered":"<p>C\u00e2mbio: ZF6HP19, ZF6HP21 C\u00f3digo original:&nbsp;BMW: 24152333907, 24117613253 C\u00f3digo similar:&nbsp;WEGA:&nbsp;WFC949 |&nbsp;TECFIL:&nbsp;FCA1583 |&nbsp;HENGST:&nbsp;HG112HD843 |&nbsp;MAHLE:&nbsp;HX154 ALGUMAS APLICA\u00c7\u00d5ES:&nbsp;AUDI: A8 3.0L V6, A8 3.2L V6, A8 3.7L V8, Q7 3.6L V6 BMW: 116I, 118I, 120I, 125I, 135I, 320I, 323I<\/p>\n","protected":false},"author":1,"featured_media":5494,"parent":2354,"menu_order":0,"comment_status":"closed","ping_status":"closed","template":"","meta":{"footnotes":""},"_links":{"self":[{"href":"https:\/\/www.motorfix.com.br\/index.php?rest_route=\/wp\/v2\/pages\/5493"}],"collection":[{"href":"https:\/\/www.motorfix.com.br\/index.php?rest_route=\/wp\/v2\/pages"}],"about":[{"href":"https:\/\/www.motorfix.com.br\/index.php?rest_route=\/wp\/v2\/types\/page"}],"author":[{"embeddable":true,"href":"https:\/\/www.motorfix.com.br\/index.php?rest_route=\/wp\/v2\/users\/1"}],"replies":[{"embeddable":true,"href":"https:\/\/www.motorfix.com.br\/index.php?rest_route=%2Fwp%2Fv2%2Fcomments&post=5493"}],"version-history":[{"count":1,"href":"https:\/\/www.motorfix.com.br\/index.php?rest_route=\/wp\/v2\/pages\/5493\/revisions"}],"predecessor-version":[{"id":5497,"href":"https:\/\/www.motorfix.com.br\/index.php?rest_route=\/wp\/v2\/pages\/5493\/revisions\/5497"}],"up":[{"embeddable":true,"href":"https:\/\/www.motorfix.com.br\/index.php?rest_route=\/wp\/v2\/pages\/2354"}],"wp:featuredmedia":[{"embeddable":true,"href":"https:\/\/www.motorfix.com.br\/index.php?rest_route=\/wp\/v2\/media\/5494"}],"wp:attachment":[{"href":"https:\/\/www.motorfix.com.br\/index.php?rest_route=%2Fwp%2Fv2%2Fmedia&parent=5493"}],"curies":[{"name":"wp","href":"https:\/\/api.w.org\/{rel}","templated":true}]}}