{"id":5501,"date":"2026-02-12T09:56:23","date_gmt":"2026-02-12T12:56:23","guid":{"rendered":"https:\/\/www.motorfix.com.br\/?page_id=5501"},"modified":"2026-02-12T16:16:54","modified_gmt":"2026-02-12T19:16:54","slug":"graxa-chassis-gard","status":"publish","type":"page","link":"https:\/\/www.motorfix.com.br\/?page_id=5501","title":{"rendered":"Graxa Chassis Gard"},"content":{"rendered":"<div class=\"wp-block-image\">\n<figure class=\"aligncenter size-large\"><img loading=\"lazy\" decoding=\"async\" width=\"764\" height=\"1024\" src=\"https:\/\/www.motorfix.com.br\/wp-content\/uploads\/2026\/02\/Graxa-Chassis-Gard-18Kg-764x1024.png\" alt=\"\" class=\"wp-image-5502\" srcset=\"https:\/\/www.motorfix.com.br\/wp-content\/uploads\/2026\/02\/Graxa-Chassis-Gard-18Kg.png 764w, https:\/\/www.motorfix.com.br\/wp-content\/uploads\/2026\/02\/Graxa-Chassis-Gard-18Kg-224x300.png 224w\" sizes=\"(max-width: 764px) 100vw, 764px\" \/><\/figure><\/div>\n\n\n<p><strong>Composi\u00e7\u00e3o:<\/strong>\u00a0Graxa \u00e0 base de sab\u00e3o de c\u00e1lcio \u00f3leos b\u00e1sicos minerais e aditivos.<br><strong>Campo de aplica\u00e7\u00e3o:<\/strong>\u00a0automotivo e industrial.<br>Recomendada para lubrifica\u00e7\u00e3o das articula\u00e7\u00f5es de chassis de autom\u00f3veis, caminh\u00f5es, m\u00e1quinas agr\u00edcolas, tratores, mancais de deslizamento, m\u00e1quinas em geral e sempre que seja exigida uma graxa para trabalhos em temperaturas n\u00e3o superiores a 60 \u00baC.<br><strong>Grau de consist\u00eancia:<\/strong>\u00a0NLGI2.<br><strong>Colora\u00e7\u00e3o:<\/strong>\u00a0castanha.<br><strong>Ponto gota:<\/strong>\u00a090 \u00b0C.<\/p>\n","protected":false},"excerpt":{"rendered":"<p>Composi\u00e7\u00e3o:\u00a0Graxa \u00e0 base de sab\u00e3o de c\u00e1lcio \u00f3leos b\u00e1sicos minerais e aditivos.Campo de aplica\u00e7\u00e3o:\u00a0automotivo e industrial.Recomendada para lubrifica\u00e7\u00e3o das articula\u00e7\u00f5es de chassis de autom\u00f3veis, caminh\u00f5es, m\u00e1quinas agr\u00edcolas, tratores, mancais de deslizamento, m\u00e1quinas em geral e sempre que seja exigida uma graxa para trabalhos em temperaturas n\u00e3o superiores a 60 \u00baC.Grau de consist\u00eancia:\u00a0NLGI2.Colora\u00e7\u00e3o:\u00a0castanha.Ponto gota:\u00a090 \u00b0C.<\/p>\n","protected":false},"author":1,"featured_media":5509,"parent":202,"menu_order":0,"comment_status":"closed","ping_status":"closed","template":"","meta":{"footnotes":""},"_links":{"self":[{"href":"https:\/\/www.motorfix.com.br\/index.php?rest_route=\/wp\/v2\/pages\/5501"}],"collection":[{"href":"https:\/\/www.motorfix.com.br\/index.php?rest_route=\/wp\/v2\/pages"}],"about":[{"href":"https:\/\/www.motorfix.com.br\/index.php?rest_route=\/wp\/v2\/types\/page"}],"author":[{"embeddable":true,"href":"https:\/\/www.motorfix.com.br\/index.php?rest_route=\/wp\/v2\/users\/1"}],"replies":[{"embeddable":true,"href":"https:\/\/www.motorfix.com.br\/index.php?rest_route=%2Fwp%2Fv2%2Fcomments&post=5501"}],"version-history":[{"count":6,"href":"https:\/\/www.motorfix.com.br\/index.php?rest_route=\/wp\/v2\/pages\/5501\/revisions"}],"predecessor-version":[{"id":5511,"href":"https:\/\/www.motorfix.com.br\/index.php?rest_route=\/wp\/v2\/pages\/5501\/revisions\/5511"}],"up":[{"embeddable":true,"href":"https:\/\/www.motorfix.com.br\/index.php?rest_route=\/wp\/v2\/pages\/202"}],"wp:featuredmedia":[{"embeddable":true,"href":"https:\/\/www.motorfix.com.br\/index.php?rest_route=\/wp\/v2\/media\/5509"}],"wp:attachment":[{"href":"https:\/\/www.motorfix.com.br\/index.php?rest_route=%2Fwp%2Fv2%2Fmedia&parent=5501"}],"curies":[{"name":"wp","href":"https:\/\/api.w.org\/{rel}","templated":true}]}}