{"id":5685,"date":"2026-03-25T10:04:13","date_gmt":"2026-03-25T13:04:13","guid":{"rendered":"https:\/\/www.motorfix.com.br\/?page_id=5685"},"modified":"2026-03-25T10:04:14","modified_gmt":"2026-03-25T13:04:14","slug":"formula-super-gdi-0w30","status":"publish","type":"page","link":"https:\/\/www.motorfix.com.br\/?page_id=5685","title":{"rendered":"Formula Super GDI 0W30"},"content":{"rendered":"\n<figure class=\"wp-block-image size-large\"><img loading=\"lazy\" decoding=\"async\" width=\"1000\" height=\"959\" src=\"https:\/\/www.motorfix.com.br\/wp-content\/uploads\/2026\/03\/Formula-Super-GDI-0W30-1-200-1000x959.png\" alt=\"\" class=\"wp-image-5643\" srcset=\"https:\/\/www.motorfix.com.br\/wp-content\/uploads\/2026\/03\/Formula-Super-GDI-0W30-1-200.png 1000w, https:\/\/www.motorfix.com.br\/wp-content\/uploads\/2026\/03\/Formula-Super-GDI-0W30-1-200-300x288.png 300w, https:\/\/www.motorfix.com.br\/wp-content\/uploads\/2026\/03\/Formula-Super-GDI-0W30-1-200-768x737.png 768w\" sizes=\"(max-width: 1000px) 100vw, 1000px\" \/><\/figure>\n\n\n\n<p>MOTORFIX F\u00d3RMULA SUPER GDI API SQ \u00e9 um lubrificante 100% sint\u00e9tico de alt\u00edssima<br>performance, formulado com \u00f3leos b\u00e1sicos de base sint\u00e9tica de \u00faltima gera\u00e7\u00e3o e aditivos<br>avan\u00e7ados. Desenvolvido para atender aos mais rigorosos padr\u00f5es da nova categoria API<br>SQ e ILSAC GF-7, este \u00f3leo oferece prote\u00e7\u00e3o superior para motores modernos de alto<br>desempenho, incluindo turboalimentados, inje\u00e7\u00e3o direta (TGDI) e, especialmente, ve\u00edculos<br>h\u00edbridos.<\/p>\n\n\n\n<p>Dispon\u00edvel nos tamanhos: 1L, 200L.<\/p>\n","protected":false},"excerpt":{"rendered":"<p>MOTORFIX F\u00d3RMULA SUPER GDI API SQ \u00e9 um lubrificante 100% sint\u00e9tico de alt\u00edssimaperformance, formulado com \u00f3leos b\u00e1sicos de base sint\u00e9tica de \u00faltima gera\u00e7\u00e3o e aditivosavan\u00e7ados. Desenvolvido para atender aos mais rigorosos padr\u00f5es da nova categoria APISQ e ILSAC GF-7, este \u00f3leo oferece prote\u00e7\u00e3o superior para motores modernos de altodesempenho, incluindo turboalimentados, inje\u00e7\u00e3o direta (TGDI) e,&#8230;<\/p>\n","protected":false},"author":1,"featured_media":5652,"parent":187,"menu_order":0,"comment_status":"closed","ping_status":"closed","template":"","meta":{"footnotes":""},"_links":{"self":[{"href":"https:\/\/www.motorfix.com.br\/index.php?rest_route=\/wp\/v2\/pages\/5685"}],"collection":[{"href":"https:\/\/www.motorfix.com.br\/index.php?rest_route=\/wp\/v2\/pages"}],"about":[{"href":"https:\/\/www.motorfix.com.br\/index.php?rest_route=\/wp\/v2\/types\/page"}],"author":[{"embeddable":true,"href":"https:\/\/www.motorfix.com.br\/index.php?rest_route=\/wp\/v2\/users\/1"}],"replies":[{"embeddable":true,"href":"https:\/\/www.motorfix.com.br\/index.php?rest_route=%2Fwp%2Fv2%2Fcomments&post=5685"}],"version-history":[{"count":2,"href":"https:\/\/www.motorfix.com.br\/index.php?rest_route=\/wp\/v2\/pages\/5685\/revisions"}],"predecessor-version":[{"id":5687,"href":"https:\/\/www.motorfix.com.br\/index.php?rest_route=\/wp\/v2\/pages\/5685\/revisions\/5687"}],"up":[{"embeddable":true,"href":"https:\/\/www.motorfix.com.br\/index.php?rest_route=\/wp\/v2\/pages\/187"}],"wp:featuredmedia":[{"embeddable":true,"href":"https:\/\/www.motorfix.com.br\/index.php?rest_route=\/wp\/v2\/media\/5652"}],"wp:attachment":[{"href":"https:\/\/www.motorfix.com.br\/index.php?rest_route=%2Fwp%2Fv2%2Fmedia&parent=5685"}],"curies":[{"name":"wp","href":"https:\/\/api.w.org\/{rel}","templated":true}]}}