{"id":5693,"date":"2026-03-25T10:53:27","date_gmt":"2026-03-25T13:53:27","guid":{"rendered":"https:\/\/www.motorfix.com.br\/?page_id=5693"},"modified":"2026-03-25T10:53:27","modified_gmt":"2026-03-25T13:53:27","slug":"lithium-gard-ep-azul-ponto-de-gota-310-oc","status":"publish","type":"page","link":"https:\/\/www.motorfix.com.br\/?page_id=5693","title":{"rendered":"Lithium Gard EP &#8211; Azul Ponto de Gota 310 \u00baC"},"content":{"rendered":"<div class=\"wp-block-image\">\n<figure class=\"aligncenter size-large is-resized\"><img loading=\"lazy\" decoding=\"async\" width=\"720\" height=\"1024\" src=\"https:\/\/www.motorfix.com.br\/wp-content\/uploads\/2026\/03\/graxa-lithium-gard-ep-azul-310\u00b0C-720x1024.png\" alt=\"\" class=\"wp-image-5694\" style=\"width:441px;height:auto\" srcset=\"https:\/\/www.motorfix.com.br\/wp-content\/uploads\/2026\/03\/graxa-lithium-gard-ep-azul-310\u00b0C-720x1024.png 720w, https:\/\/www.motorfix.com.br\/wp-content\/uploads\/2026\/03\/graxa-lithium-gard-ep-azul-310\u00b0C-211x300.png 211w, https:\/\/www.motorfix.com.br\/wp-content\/uploads\/2026\/03\/graxa-lithium-gard-ep-azul-310\u00b0C.png 759w\" sizes=\"(max-width: 720px) 100vw, 720px\" \/><\/figure><\/div>\n\n\n<p>Lithium Gard EP \u00e9 uma graxa de complexo de L\u00edtio na cor azul produzida a partir de<br>\u00f3leos b\u00e1sicos minerais e aditivo antioxidante, agentes de adesividade e extrema press\u00e3o.<br>Recomendada para lubrifica\u00e7\u00e3o de mancais de rolamentos, mancais simples, mancais<br>de vag\u00f5es ferrovi\u00e1rios, acoplamentos flex\u00edveis, cubos de roda, pino de chassis, roletes e<br>r\u00f3tulas flex\u00edveis de tratores, mancais de bombas d\u2019\u00e1gua, juntas universais sujeitas a altas<br>cargas e choque.<br>Por se tratar de uma graxa a base de sab\u00e3o complexo de L\u00edtio, possui elevada<br>resist\u00eancia a temperatura, podendo ser aplicada em temperaturas de at\u00e9 270\u00b0C.<br>Elaborada a partir de \u00f3leos b\u00e1sicos selecionados e aditivos espec\u00edficos, protege<br>contra a corros\u00e3o e oxida\u00e7\u00e3o, mantendo suas caracter\u00edsticas por per\u00edodos mais longos.<br>Possui aditivos EP que lhe confere resist\u00eancia a extremas press\u00f5es proporcionando<br>um excelente filme lubrificante mesmo em condi\u00e7\u00f5es mais severas.<\/p>\n","protected":false},"excerpt":{"rendered":"<p>Lithium Gard EP \u00e9 uma graxa de complexo de L\u00edtio na cor azul produzida a partir de\u00f3leos b\u00e1sicos minerais e aditivo antioxidante, agentes de adesividade e extrema press\u00e3o.Recomendada para lubrifica\u00e7\u00e3o de mancais de rolamentos, mancais simples, mancaisde vag\u00f5es ferrovi\u00e1rios, acoplamentos flex\u00edveis, cubos de roda, pino de chassis, roletes er\u00f3tulas flex\u00edveis de tratores, mancais de bombas&#8230;<\/p>\n","protected":false},"author":1,"featured_media":5695,"parent":202,"menu_order":0,"comment_status":"closed","ping_status":"closed","template":"","meta":{"footnotes":""},"_links":{"self":[{"href":"https:\/\/www.motorfix.com.br\/index.php?rest_route=\/wp\/v2\/pages\/5693"}],"collection":[{"href":"https:\/\/www.motorfix.com.br\/index.php?rest_route=\/wp\/v2\/pages"}],"about":[{"href":"https:\/\/www.motorfix.com.br\/index.php?rest_route=\/wp\/v2\/types\/page"}],"author":[{"embeddable":true,"href":"https:\/\/www.motorfix.com.br\/index.php?rest_route=\/wp\/v2\/users\/1"}],"replies":[{"embeddable":true,"href":"https:\/\/www.motorfix.com.br\/index.php?rest_route=%2Fwp%2Fv2%2Fcomments&post=5693"}],"version-history":[{"count":2,"href":"https:\/\/www.motorfix.com.br\/index.php?rest_route=\/wp\/v2\/pages\/5693\/revisions"}],"predecessor-version":[{"id":5697,"href":"https:\/\/www.motorfix.com.br\/index.php?rest_route=\/wp\/v2\/pages\/5693\/revisions\/5697"}],"up":[{"embeddable":true,"href":"https:\/\/www.motorfix.com.br\/index.php?rest_route=\/wp\/v2\/pages\/202"}],"wp:featuredmedia":[{"embeddable":true,"href":"https:\/\/www.motorfix.com.br\/index.php?rest_route=\/wp\/v2\/media\/5695"}],"wp:attachment":[{"href":"https:\/\/www.motorfix.com.br\/index.php?rest_route=%2Fwp%2Fv2%2Fmedia&parent=5693"}],"curies":[{"name":"wp","href":"https:\/\/api.w.org\/{rel}","templated":true}]}}