{"id":5809,"date":"2026-04-23T15:38:24","date_gmt":"2026-04-23T18:38:24","guid":{"rendered":"https:\/\/www.motorfix.com.br\/?page_id=5809"},"modified":"2026-04-23T15:38:25","modified_gmt":"2026-04-23T18:38:25","slug":"mfc190","status":"publish","type":"page","link":"https:\/\/www.motorfix.com.br\/?page_id=5809","title":{"rendered":"MFC190"},"content":{"rendered":"\n<figure class=\"wp-block-gallery has-nested-images columns-default is-cropped wp-block-gallery-1 is-layout-flex wp-block-gallery-is-layout-flex\">\n<figure class=\"wp-block-image size-large\"><img loading=\"lazy\" decoding=\"async\" width=\"800\" height=\"800\" data-id=\"5810\" src=\"https:\/\/www.motorfix.com.br\/wp-content\/uploads\/2026\/04\/MFC190-800x800.webp\" alt=\"\" class=\"wp-image-5810\" srcset=\"https:\/\/www.motorfix.com.br\/wp-content\/uploads\/2026\/04\/MFC190.webp 800w, https:\/\/www.motorfix.com.br\/wp-content\/uploads\/2026\/04\/MFC190-300x300.webp 300w, https:\/\/www.motorfix.com.br\/wp-content\/uploads\/2026\/04\/MFC190-150x150.webp 150w, https:\/\/www.motorfix.com.br\/wp-content\/uploads\/2026\/04\/MFC190-768x768.webp 768w, https:\/\/www.motorfix.com.br\/wp-content\/uploads\/2026\/04\/MFC190-125x125.webp 125w\" sizes=\"(max-width: 800px) 100vw, 800px\" \/><\/figure>\n\n\n\n<figure class=\"wp-block-image size-large\"><img loading=\"lazy\" decoding=\"async\" width=\"800\" height=\"800\" data-id=\"5811\" src=\"https:\/\/www.motorfix.com.br\/wp-content\/uploads\/2026\/04\/MFC190_2-800x800.webp\" alt=\"\" class=\"wp-image-5811\" srcset=\"https:\/\/www.motorfix.com.br\/wp-content\/uploads\/2026\/04\/MFC190_2.webp 800w, https:\/\/www.motorfix.com.br\/wp-content\/uploads\/2026\/04\/MFC190_2-300x300.webp 300w, https:\/\/www.motorfix.com.br\/wp-content\/uploads\/2026\/04\/MFC190_2-150x150.webp 150w, https:\/\/www.motorfix.com.br\/wp-content\/uploads\/2026\/04\/MFC190_2-768x768.webp 768w, https:\/\/www.motorfix.com.br\/wp-content\/uploads\/2026\/04\/MFC190_2-125x125.webp 125w\" sizes=\"(max-width: 800px) 100vw, 800px\" \/><\/figure>\n\n\n\n<figure class=\"wp-block-image size-large\"><img loading=\"lazy\" decoding=\"async\" width=\"800\" height=\"800\" data-id=\"5812\" src=\"https:\/\/www.motorfix.com.br\/wp-content\/uploads\/2026\/04\/MFC190_3-800x800.webp\" alt=\"\" class=\"wp-image-5812\" srcset=\"https:\/\/www.motorfix.com.br\/wp-content\/uploads\/2026\/04\/MFC190_3.webp 800w, https:\/\/www.motorfix.com.br\/wp-content\/uploads\/2026\/04\/MFC190_3-300x300.webp 300w, https:\/\/www.motorfix.com.br\/wp-content\/uploads\/2026\/04\/MFC190_3-150x150.webp 150w, https:\/\/www.motorfix.com.br\/wp-content\/uploads\/2026\/04\/MFC190_3-768x768.webp 768w, https:\/\/www.motorfix.com.br\/wp-content\/uploads\/2026\/04\/MFC190_3-125x125.webp 125w\" sizes=\"(max-width: 800px) 100vw, 800px\" \/><\/figure>\n<\/figure>\n\n\n\n<p><strong>C\u00e2mbio<\/strong>: A6GF1-2, MF1<\/p>\n\n\n\n<p><strong>C\u00f3digo original:<\/strong>&nbsp;46321F300<\/p>\n\n\n\n<p><strong>C\u00f3digo similar<\/strong>:&nbsp;&nbsp;WEGA: WFC216<\/p>\n\n\n\n<p><strong>ALGUMAS APLICA\u00c7\u00d5ES:<\/strong>&nbsp;HYUNDAI \u2013 CRETA 1.6 \u2013 HB20 1.6<\/p>\n","protected":false},"excerpt":{"rendered":"<p>C\u00e2mbio: A6GF1-2, MF1 C\u00f3digo original:&nbsp;46321F300 C\u00f3digo similar:&nbsp;&nbsp;WEGA: WFC216 ALGUMAS APLICA\u00c7\u00d5ES:&nbsp;HYUNDAI \u2013 CRETA 1.6 \u2013 HB20 1.6<\/p>\n","protected":false},"author":1,"featured_media":5813,"parent":2354,"menu_order":0,"comment_status":"closed","ping_status":"closed","template":"","meta":{"footnotes":""},"_links":{"self":[{"href":"https:\/\/www.motorfix.com.br\/index.php?rest_route=\/wp\/v2\/pages\/5809"}],"collection":[{"href":"https:\/\/www.motorfix.com.br\/index.php?rest_route=\/wp\/v2\/pages"}],"about":[{"href":"https:\/\/www.motorfix.com.br\/index.php?rest_route=\/wp\/v2\/types\/page"}],"author":[{"embeddable":true,"href":"https:\/\/www.motorfix.com.br\/index.php?rest_route=\/wp\/v2\/users\/1"}],"replies":[{"embeddable":true,"href":"https:\/\/www.motorfix.com.br\/index.php?rest_route=%2Fwp%2Fv2%2Fcomments&post=5809"}],"version-history":[{"count":1,"href":"https:\/\/www.motorfix.com.br\/index.php?rest_route=\/wp\/v2\/pages\/5809\/revisions"}],"predecessor-version":[{"id":5814,"href":"https:\/\/www.motorfix.com.br\/index.php?rest_route=\/wp\/v2\/pages\/5809\/revisions\/5814"}],"up":[{"embeddable":true,"href":"https:\/\/www.motorfix.com.br\/index.php?rest_route=\/wp\/v2\/pages\/2354"}],"wp:featuredmedia":[{"embeddable":true,"href":"https:\/\/www.motorfix.com.br\/index.php?rest_route=\/wp\/v2\/media\/5813"}],"wp:attachment":[{"href":"https:\/\/www.motorfix.com.br\/index.php?rest_route=%2Fwp%2Fv2%2Fmedia&parent=5809"}],"curies":[{"name":"wp","href":"https:\/\/api.w.org\/{rel}","templated":true}]}}