{"id":5839,"date":"2026-04-23T15:43:31","date_gmt":"2026-04-23T18:43:31","guid":{"rendered":"https:\/\/www.motorfix.com.br\/?page_id=5839"},"modified":"2026-04-23T15:43:31","modified_gmt":"2026-04-23T18:43:31","slug":"mfc179","status":"publish","type":"page","link":"https:\/\/www.motorfix.com.br\/?page_id=5839","title":{"rendered":"MFC179"},"content":{"rendered":"\n<figure class=\"wp-block-gallery has-nested-images columns-default is-cropped wp-block-gallery-1 is-layout-flex wp-block-gallery-is-layout-flex\">\n<figure class=\"wp-block-image size-large\"><img loading=\"lazy\" decoding=\"async\" width=\"800\" height=\"800\" data-id=\"5842\" src=\"https:\/\/www.motorfix.com.br\/wp-content\/uploads\/2026\/04\/MFC179-800x800.webp\" alt=\"\" class=\"wp-image-5842\" srcset=\"https:\/\/www.motorfix.com.br\/wp-content\/uploads\/2026\/04\/MFC179.webp 800w, https:\/\/www.motorfix.com.br\/wp-content\/uploads\/2026\/04\/MFC179-300x300.webp 300w, https:\/\/www.motorfix.com.br\/wp-content\/uploads\/2026\/04\/MFC179-150x150.webp 150w, https:\/\/www.motorfix.com.br\/wp-content\/uploads\/2026\/04\/MFC179-768x768.webp 768w, https:\/\/www.motorfix.com.br\/wp-content\/uploads\/2026\/04\/MFC179-125x125.webp 125w\" sizes=\"(max-width: 800px) 100vw, 800px\" \/><\/figure>\n\n\n\n<figure class=\"wp-block-image size-large\"><img loading=\"lazy\" decoding=\"async\" width=\"800\" height=\"800\" data-id=\"5840\" src=\"https:\/\/www.motorfix.com.br\/wp-content\/uploads\/2026\/04\/MFC179_2-800x800.webp\" alt=\"\" class=\"wp-image-5840\" srcset=\"https:\/\/www.motorfix.com.br\/wp-content\/uploads\/2026\/04\/MFC179_2.webp 800w, https:\/\/www.motorfix.com.br\/wp-content\/uploads\/2026\/04\/MFC179_2-300x300.webp 300w, https:\/\/www.motorfix.com.br\/wp-content\/uploads\/2026\/04\/MFC179_2-150x150.webp 150w, https:\/\/www.motorfix.com.br\/wp-content\/uploads\/2026\/04\/MFC179_2-768x768.webp 768w, https:\/\/www.motorfix.com.br\/wp-content\/uploads\/2026\/04\/MFC179_2-125x125.webp 125w\" sizes=\"(max-width: 800px) 100vw, 800px\" \/><\/figure>\n\n\n\n<figure class=\"wp-block-image size-large\"><img loading=\"lazy\" decoding=\"async\" width=\"800\" height=\"800\" data-id=\"5841\" src=\"https:\/\/www.motorfix.com.br\/wp-content\/uploads\/2026\/04\/MFC179_3-800x800.webp\" alt=\"\" class=\"wp-image-5841\" srcset=\"https:\/\/www.motorfix.com.br\/wp-content\/uploads\/2026\/04\/MFC179_3.webp 800w, https:\/\/www.motorfix.com.br\/wp-content\/uploads\/2026\/04\/MFC179_3-300x300.webp 300w, https:\/\/www.motorfix.com.br\/wp-content\/uploads\/2026\/04\/MFC179_3-150x150.webp 150w, https:\/\/www.motorfix.com.br\/wp-content\/uploads\/2026\/04\/MFC179_3-768x768.webp 768w, https:\/\/www.motorfix.com.br\/wp-content\/uploads\/2026\/04\/MFC179_3-125x125.webp 125w\" sizes=\"(max-width: 800px) 100vw, 800px\" \/><\/figure>\n<\/figure>\n\n\n\n<p><strong>C\u00e2mbio<\/strong>: MPCA, SPCA<\/p>\n\n\n\n<p><strong>C\u00f3digo original:<\/strong>&nbsp;25420RPC003<\/p>\n\n\n\n<p><strong>C\u00f3digo similar<\/strong>:&nbsp;&nbsp;WEGA: WFC221 | TECFIL: FCA1541<\/p>\n\n\n\n<p><strong>ALGUMAS APLICA\u00c7\u00d5ES:<\/strong>&nbsp;HONDA \u2013 NEW CIVIC 1.8<\/p>\n","protected":false},"excerpt":{"rendered":"<p>C\u00e2mbio: MPCA, SPCA C\u00f3digo original:&nbsp;25420RPC003 C\u00f3digo similar:&nbsp;&nbsp;WEGA: WFC221 | TECFIL: FCA1541 ALGUMAS APLICA\u00c7\u00d5ES:&nbsp;HONDA \u2013 NEW CIVIC 1.8<\/p>\n","protected":false},"author":1,"featured_media":5843,"parent":2354,"menu_order":0,"comment_status":"closed","ping_status":"closed","template":"","meta":{"footnotes":""},"_links":{"self":[{"href":"https:\/\/www.motorfix.com.br\/index.php?rest_route=\/wp\/v2\/pages\/5839"}],"collection":[{"href":"https:\/\/www.motorfix.com.br\/index.php?rest_route=\/wp\/v2\/pages"}],"about":[{"href":"https:\/\/www.motorfix.com.br\/index.php?rest_route=\/wp\/v2\/types\/page"}],"author":[{"embeddable":true,"href":"https:\/\/www.motorfix.com.br\/index.php?rest_route=\/wp\/v2\/users\/1"}],"replies":[{"embeddable":true,"href":"https:\/\/www.motorfix.com.br\/index.php?rest_route=%2Fwp%2Fv2%2Fcomments&post=5839"}],"version-history":[{"count":1,"href":"https:\/\/www.motorfix.com.br\/index.php?rest_route=\/wp\/v2\/pages\/5839\/revisions"}],"predecessor-version":[{"id":5844,"href":"https:\/\/www.motorfix.com.br\/index.php?rest_route=\/wp\/v2\/pages\/5839\/revisions\/5844"}],"up":[{"embeddable":true,"href":"https:\/\/www.motorfix.com.br\/index.php?rest_route=\/wp\/v2\/pages\/2354"}],"wp:featuredmedia":[{"embeddable":true,"href":"https:\/\/www.motorfix.com.br\/index.php?rest_route=\/wp\/v2\/media\/5843"}],"wp:attachment":[{"href":"https:\/\/www.motorfix.com.br\/index.php?rest_route=%2Fwp%2Fv2%2Fmedia&parent=5839"}],"curies":[{"name":"wp","href":"https:\/\/api.w.org\/{rel}","templated":true}]}}