{"id":5845,"date":"2026-04-23T15:43:53","date_gmt":"2026-04-23T18:43:53","guid":{"rendered":"https:\/\/www.motorfix.com.br\/?page_id=5845"},"modified":"2026-04-23T15:43:53","modified_gmt":"2026-04-23T18:43:53","slug":"mfc178","status":"publish","type":"page","link":"https:\/\/www.motorfix.com.br\/?page_id=5845","title":{"rendered":"MFC178"},"content":{"rendered":"\n<figure class=\"wp-block-gallery has-nested-images columns-default is-cropped wp-block-gallery-1 is-layout-flex wp-block-gallery-is-layout-flex\">\n<figure class=\"wp-block-image size-large\"><img loading=\"lazy\" decoding=\"async\" width=\"800\" height=\"800\" data-id=\"5847\" src=\"https:\/\/www.motorfix.com.br\/wp-content\/uploads\/2026\/04\/MFC178-800x800.webp\" alt=\"\" class=\"wp-image-5847\" srcset=\"https:\/\/www.motorfix.com.br\/wp-content\/uploads\/2026\/04\/MFC178.webp 800w, https:\/\/www.motorfix.com.br\/wp-content\/uploads\/2026\/04\/MFC178-300x300.webp 300w, https:\/\/www.motorfix.com.br\/wp-content\/uploads\/2026\/04\/MFC178-150x150.webp 150w, https:\/\/www.motorfix.com.br\/wp-content\/uploads\/2026\/04\/MFC178-768x768.webp 768w, https:\/\/www.motorfix.com.br\/wp-content\/uploads\/2026\/04\/MFC178-125x125.webp 125w\" sizes=\"(max-width: 800px) 100vw, 800px\" \/><\/figure>\n\n\n\n<figure class=\"wp-block-image size-large\"><img loading=\"lazy\" decoding=\"async\" width=\"800\" height=\"800\" data-id=\"5846\" src=\"https:\/\/www.motorfix.com.br\/wp-content\/uploads\/2026\/04\/MFC178_2-800x800.webp\" alt=\"\" class=\"wp-image-5846\" srcset=\"https:\/\/www.motorfix.com.br\/wp-content\/uploads\/2026\/04\/MFC178_2.webp 800w, https:\/\/www.motorfix.com.br\/wp-content\/uploads\/2026\/04\/MFC178_2-300x300.webp 300w, https:\/\/www.motorfix.com.br\/wp-content\/uploads\/2026\/04\/MFC178_2-150x150.webp 150w, https:\/\/www.motorfix.com.br\/wp-content\/uploads\/2026\/04\/MFC178_2-768x768.webp 768w, https:\/\/www.motorfix.com.br\/wp-content\/uploads\/2026\/04\/MFC178_2-125x125.webp 125w\" sizes=\"(max-width: 800px) 100vw, 800px\" \/><\/figure>\n\n\n\n<figure class=\"wp-block-image size-large\"><img loading=\"lazy\" decoding=\"async\" width=\"800\" height=\"800\" data-id=\"5848\" src=\"https:\/\/www.motorfix.com.br\/wp-content\/uploads\/2026\/04\/MFC178_3-800x800.webp\" alt=\"\" class=\"wp-image-5848\" srcset=\"https:\/\/www.motorfix.com.br\/wp-content\/uploads\/2026\/04\/MFC178_3.webp 800w, https:\/\/www.motorfix.com.br\/wp-content\/uploads\/2026\/04\/MFC178_3-300x300.webp 300w, https:\/\/www.motorfix.com.br\/wp-content\/uploads\/2026\/04\/MFC178_3-150x150.webp 150w, https:\/\/www.motorfix.com.br\/wp-content\/uploads\/2026\/04\/MFC178_3-768x768.webp 768w, https:\/\/www.motorfix.com.br\/wp-content\/uploads\/2026\/04\/MFC178_3-125x125.webp 125w\" sizes=\"(max-width: 800px) 100vw, 800px\" \/><\/figure>\n<\/figure>\n\n\n\n<p><strong>C\u00e2mbio<\/strong>: CVT, JFO16E, JFO17E<\/p>\n\n\n\n<p><strong>C\u00f3digo original:<\/strong>&nbsp;3172828X0A<\/p>\n\n\n\n<p><strong>C\u00f3digo similar<\/strong>:&nbsp;&nbsp;WEGA: WFC243<\/p>\n\n\n\n<p><strong>ALGUMAS APLICA\u00c7\u00d5ES:<\/strong>&nbsp;NISSAN \u2013 SENTRA 2.0 2017 &gt; 2020<\/p>\n","protected":false},"excerpt":{"rendered":"<p>C\u00e2mbio: CVT, JFO16E, JFO17E C\u00f3digo original:&nbsp;3172828X0A C\u00f3digo similar:&nbsp;&nbsp;WEGA: WFC243 ALGUMAS APLICA\u00c7\u00d5ES:&nbsp;NISSAN \u2013 SENTRA 2.0 2017 &gt; 2020<\/p>\n","protected":false},"author":1,"featured_media":5849,"parent":2354,"menu_order":0,"comment_status":"closed","ping_status":"closed","template":"","meta":{"footnotes":""},"_links":{"self":[{"href":"https:\/\/www.motorfix.com.br\/index.php?rest_route=\/wp\/v2\/pages\/5845"}],"collection":[{"href":"https:\/\/www.motorfix.com.br\/index.php?rest_route=\/wp\/v2\/pages"}],"about":[{"href":"https:\/\/www.motorfix.com.br\/index.php?rest_route=\/wp\/v2\/types\/page"}],"author":[{"embeddable":true,"href":"https:\/\/www.motorfix.com.br\/index.php?rest_route=\/wp\/v2\/users\/1"}],"replies":[{"embeddable":true,"href":"https:\/\/www.motorfix.com.br\/index.php?rest_route=%2Fwp%2Fv2%2Fcomments&post=5845"}],"version-history":[{"count":1,"href":"https:\/\/www.motorfix.com.br\/index.php?rest_route=\/wp\/v2\/pages\/5845\/revisions"}],"predecessor-version":[{"id":5850,"href":"https:\/\/www.motorfix.com.br\/index.php?rest_route=\/wp\/v2\/pages\/5845\/revisions\/5850"}],"up":[{"embeddable":true,"href":"https:\/\/www.motorfix.com.br\/index.php?rest_route=\/wp\/v2\/pages\/2354"}],"wp:featuredmedia":[{"embeddable":true,"href":"https:\/\/www.motorfix.com.br\/index.php?rest_route=\/wp\/v2\/media\/5849"}],"wp:attachment":[{"href":"https:\/\/www.motorfix.com.br\/index.php?rest_route=%2Fwp%2Fv2%2Fmedia&parent=5845"}],"curies":[{"name":"wp","href":"https:\/\/api.w.org\/{rel}","templated":true}]}}