{"id":5851,"date":"2026-04-23T15:44:28","date_gmt":"2026-04-23T18:44:28","guid":{"rendered":"https:\/\/www.motorfix.com.br\/?page_id=5851"},"modified":"2026-04-23T15:44:28","modified_gmt":"2026-04-23T18:44:28","slug":"mfc176","status":"publish","type":"page","link":"https:\/\/www.motorfix.com.br\/?page_id=5851","title":{"rendered":"MFC176"},"content":{"rendered":"\n<figure class=\"wp-block-gallery has-nested-images columns-default is-cropped wp-block-gallery-1 is-layout-flex wp-block-gallery-is-layout-flex\">\n<figure class=\"wp-block-image size-large\"><img loading=\"lazy\" decoding=\"async\" width=\"800\" height=\"800\" data-id=\"5853\" src=\"https:\/\/www.motorfix.com.br\/wp-content\/uploads\/2026\/04\/MFC176-800x800.webp\" alt=\"\" class=\"wp-image-5853\" srcset=\"https:\/\/www.motorfix.com.br\/wp-content\/uploads\/2026\/04\/MFC176.webp 800w, https:\/\/www.motorfix.com.br\/wp-content\/uploads\/2026\/04\/MFC176-300x300.webp 300w, https:\/\/www.motorfix.com.br\/wp-content\/uploads\/2026\/04\/MFC176-150x150.webp 150w, https:\/\/www.motorfix.com.br\/wp-content\/uploads\/2026\/04\/MFC176-768x768.webp 768w, https:\/\/www.motorfix.com.br\/wp-content\/uploads\/2026\/04\/MFC176-125x125.webp 125w\" sizes=\"(max-width: 800px) 100vw, 800px\" \/><\/figure>\n\n\n\n<figure class=\"wp-block-image size-large\"><img loading=\"lazy\" decoding=\"async\" width=\"800\" height=\"800\" data-id=\"5852\" src=\"https:\/\/www.motorfix.com.br\/wp-content\/uploads\/2026\/04\/MFC176_2-800x800.webp\" alt=\"\" class=\"wp-image-5852\" srcset=\"https:\/\/www.motorfix.com.br\/wp-content\/uploads\/2026\/04\/MFC176_2.webp 800w, https:\/\/www.motorfix.com.br\/wp-content\/uploads\/2026\/04\/MFC176_2-300x300.webp 300w, https:\/\/www.motorfix.com.br\/wp-content\/uploads\/2026\/04\/MFC176_2-150x150.webp 150w, https:\/\/www.motorfix.com.br\/wp-content\/uploads\/2026\/04\/MFC176_2-768x768.webp 768w, https:\/\/www.motorfix.com.br\/wp-content\/uploads\/2026\/04\/MFC176_2-125x125.webp 125w\" sizes=\"(max-width: 800px) 100vw, 800px\" \/><\/figure>\n\n\n\n<figure class=\"wp-block-image size-large\"><img loading=\"lazy\" decoding=\"async\" width=\"800\" height=\"800\" data-id=\"5854\" src=\"https:\/\/www.motorfix.com.br\/wp-content\/uploads\/2026\/04\/MFC176_3-800x800.webp\" alt=\"\" class=\"wp-image-5854\" srcset=\"https:\/\/www.motorfix.com.br\/wp-content\/uploads\/2026\/04\/MFC176_3.webp 800w, https:\/\/www.motorfix.com.br\/wp-content\/uploads\/2026\/04\/MFC176_3-300x300.webp 300w, https:\/\/www.motorfix.com.br\/wp-content\/uploads\/2026\/04\/MFC176_3-150x150.webp 150w, https:\/\/www.motorfix.com.br\/wp-content\/uploads\/2026\/04\/MFC176_3-768x768.webp 768w, https:\/\/www.motorfix.com.br\/wp-content\/uploads\/2026\/04\/MFC176_3-125x125.webp 125w\" sizes=\"(max-width: 800px) 100vw, 800px\" \/><\/figure>\n<\/figure>\n\n\n\n<p><strong>C\u00e2mbio<\/strong>: 6F15<\/p>\n\n\n\n<p><strong>C\u00f3digo original:<\/strong>&nbsp;GN1Z7A098A<\/p>\n\n\n\n<p><strong>C\u00f3digo similar<\/strong>:&nbsp;&nbsp;WEGA: WFC235<\/p>\n\n\n\n<p><strong>ALGUMAS APLICA\u00c7\u00d5ES:<\/strong>&nbsp;FORD \u2013 ECOSPORT \u2013 1.5 3CIL 2018&gt;&nbsp; \u2013 KA \u2013 1.5 3CILL 2019&gt;<\/p>\n","protected":false},"excerpt":{"rendered":"<p>C\u00e2mbio: 6F15 C\u00f3digo original:&nbsp;GN1Z7A098A C\u00f3digo similar:&nbsp;&nbsp;WEGA: WFC235 ALGUMAS APLICA\u00c7\u00d5ES:&nbsp;FORD \u2013 ECOSPORT \u2013 1.5 3CIL 2018&gt;&nbsp; \u2013 KA \u2013 1.5 3CILL 2019&gt;<\/p>\n","protected":false},"author":1,"featured_media":5855,"parent":2354,"menu_order":0,"comment_status":"closed","ping_status":"closed","template":"","meta":{"footnotes":""},"_links":{"self":[{"href":"https:\/\/www.motorfix.com.br\/index.php?rest_route=\/wp\/v2\/pages\/5851"}],"collection":[{"href":"https:\/\/www.motorfix.com.br\/index.php?rest_route=\/wp\/v2\/pages"}],"about":[{"href":"https:\/\/www.motorfix.com.br\/index.php?rest_route=\/wp\/v2\/types\/page"}],"author":[{"embeddable":true,"href":"https:\/\/www.motorfix.com.br\/index.php?rest_route=\/wp\/v2\/users\/1"}],"replies":[{"embeddable":true,"href":"https:\/\/www.motorfix.com.br\/index.php?rest_route=%2Fwp%2Fv2%2Fcomments&post=5851"}],"version-history":[{"count":1,"href":"https:\/\/www.motorfix.com.br\/index.php?rest_route=\/wp\/v2\/pages\/5851\/revisions"}],"predecessor-version":[{"id":5856,"href":"https:\/\/www.motorfix.com.br\/index.php?rest_route=\/wp\/v2\/pages\/5851\/revisions\/5856"}],"up":[{"embeddable":true,"href":"https:\/\/www.motorfix.com.br\/index.php?rest_route=\/wp\/v2\/pages\/2354"}],"wp:featuredmedia":[{"embeddable":true,"href":"https:\/\/www.motorfix.com.br\/index.php?rest_route=\/wp\/v2\/media\/5855"}],"wp:attachment":[{"href":"https:\/\/www.motorfix.com.br\/index.php?rest_route=%2Fwp%2Fv2%2Fmedia&parent=5851"}],"curies":[{"name":"wp","href":"https:\/\/api.w.org\/{rel}","templated":true}]}}