{"id":5857,"date":"2026-04-23T15:44:55","date_gmt":"2026-04-23T18:44:55","guid":{"rendered":"https:\/\/www.motorfix.com.br\/?page_id=5857"},"modified":"2026-04-23T15:44:55","modified_gmt":"2026-04-23T18:44:55","slug":"mfc175","status":"publish","type":"page","link":"https:\/\/www.motorfix.com.br\/?page_id=5857","title":{"rendered":"MFC175"},"content":{"rendered":"\n<figure class=\"wp-block-gallery has-nested-images columns-default is-cropped wp-block-gallery-1 is-layout-flex wp-block-gallery-is-layout-flex\">\n<figure class=\"wp-block-image size-large\"><img loading=\"lazy\" decoding=\"async\" width=\"800\" height=\"800\" data-id=\"5860\" src=\"https:\/\/www.motorfix.com.br\/wp-content\/uploads\/2026\/04\/MFC175-800x800.webp\" alt=\"\" class=\"wp-image-5860\" srcset=\"https:\/\/www.motorfix.com.br\/wp-content\/uploads\/2026\/04\/MFC175.webp 800w, https:\/\/www.motorfix.com.br\/wp-content\/uploads\/2026\/04\/MFC175-300x300.webp 300w, https:\/\/www.motorfix.com.br\/wp-content\/uploads\/2026\/04\/MFC175-150x150.webp 150w, https:\/\/www.motorfix.com.br\/wp-content\/uploads\/2026\/04\/MFC175-768x768.webp 768w, https:\/\/www.motorfix.com.br\/wp-content\/uploads\/2026\/04\/MFC175-125x125.webp 125w\" sizes=\"(max-width: 800px) 100vw, 800px\" \/><\/figure>\n\n\n\n<figure class=\"wp-block-image size-large\"><img loading=\"lazy\" decoding=\"async\" width=\"800\" height=\"800\" data-id=\"5859\" src=\"https:\/\/www.motorfix.com.br\/wp-content\/uploads\/2026\/04\/MFC175_2-800x800.webp\" alt=\"\" class=\"wp-image-5859\" srcset=\"https:\/\/www.motorfix.com.br\/wp-content\/uploads\/2026\/04\/MFC175_2.webp 800w, https:\/\/www.motorfix.com.br\/wp-content\/uploads\/2026\/04\/MFC175_2-300x300.webp 300w, https:\/\/www.motorfix.com.br\/wp-content\/uploads\/2026\/04\/MFC175_2-150x150.webp 150w, https:\/\/www.motorfix.com.br\/wp-content\/uploads\/2026\/04\/MFC175_2-768x768.webp 768w, https:\/\/www.motorfix.com.br\/wp-content\/uploads\/2026\/04\/MFC175_2-125x125.webp 125w\" sizes=\"(max-width: 800px) 100vw, 800px\" \/><\/figure>\n\n\n\n<figure class=\"wp-block-image size-large\"><img loading=\"lazy\" decoding=\"async\" width=\"800\" height=\"800\" data-id=\"5858\" src=\"https:\/\/www.motorfix.com.br\/wp-content\/uploads\/2026\/04\/MFC175_3-800x800.webp\" alt=\"\" class=\"wp-image-5858\" srcset=\"https:\/\/www.motorfix.com.br\/wp-content\/uploads\/2026\/04\/MFC175_3.webp 800w, https:\/\/www.motorfix.com.br\/wp-content\/uploads\/2026\/04\/MFC175_3-300x300.webp 300w, https:\/\/www.motorfix.com.br\/wp-content\/uploads\/2026\/04\/MFC175_3-150x150.webp 150w, https:\/\/www.motorfix.com.br\/wp-content\/uploads\/2026\/04\/MFC175_3-768x768.webp 768w, https:\/\/www.motorfix.com.br\/wp-content\/uploads\/2026\/04\/MFC175_3-125x125.webp 125w\" sizes=\"(max-width: 800px) 100vw, 800px\" \/><\/figure>\n<\/figure>\n\n\n\n<p><strong>C\u00e2mbio<\/strong>: 5TO, BLJA, CVTF<\/p>\n\n\n\n<p><strong>C\u00f3digo original:<\/strong>&nbsp;254205LJ003<\/p>\n\n\n\n<p><strong>C\u00f3digo similar<\/strong>:&nbsp;&nbsp;WEGA: WFC227 | MAHLE: HX415D<\/p>\n\n\n\n<p><strong>ALGUMAS APLICA\u00c7\u00d5ES:<\/strong>&nbsp;HONDA \u2013 CIVIC TURBO \u2013 1.5 16V \u2013 (TOURING) 2017&gt;<\/p>\n","protected":false},"excerpt":{"rendered":"<p>C\u00e2mbio: 5TO, BLJA, CVTF C\u00f3digo original:&nbsp;254205LJ003 C\u00f3digo similar:&nbsp;&nbsp;WEGA: WFC227 | MAHLE: HX415D ALGUMAS APLICA\u00c7\u00d5ES:&nbsp;HONDA \u2013 CIVIC TURBO \u2013 1.5 16V \u2013 (TOURING) 2017&gt;<\/p>\n","protected":false},"author":1,"featured_media":5861,"parent":2354,"menu_order":0,"comment_status":"closed","ping_status":"closed","template":"","meta":{"footnotes":""},"_links":{"self":[{"href":"https:\/\/www.motorfix.com.br\/index.php?rest_route=\/wp\/v2\/pages\/5857"}],"collection":[{"href":"https:\/\/www.motorfix.com.br\/index.php?rest_route=\/wp\/v2\/pages"}],"about":[{"href":"https:\/\/www.motorfix.com.br\/index.php?rest_route=\/wp\/v2\/types\/page"}],"author":[{"embeddable":true,"href":"https:\/\/www.motorfix.com.br\/index.php?rest_route=\/wp\/v2\/users\/1"}],"replies":[{"embeddable":true,"href":"https:\/\/www.motorfix.com.br\/index.php?rest_route=%2Fwp%2Fv2%2Fcomments&post=5857"}],"version-history":[{"count":1,"href":"https:\/\/www.motorfix.com.br\/index.php?rest_route=\/wp\/v2\/pages\/5857\/revisions"}],"predecessor-version":[{"id":5862,"href":"https:\/\/www.motorfix.com.br\/index.php?rest_route=\/wp\/v2\/pages\/5857\/revisions\/5862"}],"up":[{"embeddable":true,"href":"https:\/\/www.motorfix.com.br\/index.php?rest_route=\/wp\/v2\/pages\/2354"}],"wp:featuredmedia":[{"embeddable":true,"href":"https:\/\/www.motorfix.com.br\/index.php?rest_route=\/wp\/v2\/media\/5861"}],"wp:attachment":[{"href":"https:\/\/www.motorfix.com.br\/index.php?rest_route=%2Fwp%2Fv2%2Fmedia&parent=5857"}],"curies":[{"name":"wp","href":"https:\/\/api.w.org\/{rel}","templated":true}]}}