{"id":606,"date":"2022-04-02T09:58:32","date_gmt":"2022-04-02T12:58:32","guid":{"rendered":"https:\/\/www.motorfix.com.br\/?page_id=606"},"modified":"2022-04-02T09:59:15","modified_gmt":"2022-04-02T12:59:15","slug":"super-fix-5w-30","status":"publish","type":"page","link":"https:\/\/www.motorfix.com.br\/?page_id=606","title":{"rendered":"Super Fix 5W-30"},"content":{"rendered":"\n<figure class=\"wp-block-image size-large\"><img loading=\"lazy\" decoding=\"async\" width=\"1024\" height=\"1024\" src=\"https:\/\/www.motorfix.com.br\/wp-content\/uploads\/2022\/04\/SUPER-FIX-5W-30-SN-1LT-1024x1024.png\" alt=\"\" class=\"wp-image-101\" srcset=\"https:\/\/www.motorfix.com.br\/wp-content\/uploads\/2022\/04\/SUPER-FIX-5W-30-SN-1LT-1024x1024.png 1024w, https:\/\/www.motorfix.com.br\/wp-content\/uploads\/2022\/04\/SUPER-FIX-5W-30-SN-1LT-300x300.png 300w, https:\/\/www.motorfix.com.br\/wp-content\/uploads\/2022\/04\/SUPER-FIX-5W-30-SN-1LT-150x150.png 150w, https:\/\/www.motorfix.com.br\/wp-content\/uploads\/2022\/04\/SUPER-FIX-5W-30-SN-1LT-768x768.png 768w, https:\/\/www.motorfix.com.br\/wp-content\/uploads\/2022\/04\/SUPER-FIX-5W-30-SN-1LT.png 1080w\" sizes=\"(max-width: 1024px) 100vw, 1024px\" \/><\/figure>\n\n\n\n<p><strong>MOTRFIX SUPER FIX <\/strong>\u00e9 um lubrificante totalmente sint\u00e9tico, desenvolvido para exceder as<br>especifica\u00e7\u00f5es mais avan\u00e7adas da ind\u00fastria automobil\u00edstica. Oferece elevada prote\u00e7\u00e3o ao<br>desgaste, alta resist\u00eancia \u00e0 oxida\u00e7\u00e3o e maior efici\u00eancia na conserva\u00e7\u00e3o dos conversores<br>catal\u00edticos.<br><\/p>\n\n\n\n<p><strong>MOTORFIX SUPER FIX <\/strong>\u00e9 recomendado para uso em modernos motores de ciclo Otto,<br>m\u00faltiplas v\u00e1lvulas e alto desempenho. Proporciona eletivo controle na forma\u00e7\u00e3o de ferrugem<br>nos tuchos hidr\u00e1ulicos das v\u00e1lvulas e permite maiores per\u00edodos de troca. Propicia economia<br>de combust\u00edvel, sendo qualificado como Resource Conserving<br><\/p>\n\n\n\n<p><strong>MOTORFIX SUPER FIX<\/strong> atende as categorias ATENDE API SN\/RC; ILSAC GF-5 e SAE 5W30.<\/p>\n\n\n\n<p>Dispon\u00edvel nas embalagens de 1L, 4L, 60L e 200L.<\/p>\n","protected":false},"excerpt":{"rendered":"<p>MOTRFIX SUPER FIX \u00e9 um lubrificante totalmente sint\u00e9tico, desenvolvido para exceder asespecifica\u00e7\u00f5es mais avan\u00e7adas da ind\u00fastria automobil\u00edstica. Oferece elevada prote\u00e7\u00e3o aodesgaste, alta resist\u00eancia \u00e0 oxida\u00e7\u00e3o e maior efici\u00eancia na conserva\u00e7\u00e3o dos conversorescatal\u00edticos. MOTORFIX SUPER FIX \u00e9 recomendado para uso em modernos motores de ciclo Otto,m\u00faltiplas v\u00e1lvulas e alto desempenho. Proporciona eletivo controle na forma\u00e7\u00e3o de&#8230;<\/p>\n","protected":false},"author":1,"featured_media":226,"parent":187,"menu_order":11,"comment_status":"closed","ping_status":"closed","template":"","meta":{"footnotes":""},"_links":{"self":[{"href":"https:\/\/www.motorfix.com.br\/index.php?rest_route=\/wp\/v2\/pages\/606"}],"collection":[{"href":"https:\/\/www.motorfix.com.br\/index.php?rest_route=\/wp\/v2\/pages"}],"about":[{"href":"https:\/\/www.motorfix.com.br\/index.php?rest_route=\/wp\/v2\/types\/page"}],"author":[{"embeddable":true,"href":"https:\/\/www.motorfix.com.br\/index.php?rest_route=\/wp\/v2\/users\/1"}],"replies":[{"embeddable":true,"href":"https:\/\/www.motorfix.com.br\/index.php?rest_route=%2Fwp%2Fv2%2Fcomments&post=606"}],"version-history":[{"count":4,"href":"https:\/\/www.motorfix.com.br\/index.php?rest_route=\/wp\/v2\/pages\/606\/revisions"}],"predecessor-version":[{"id":610,"href":"https:\/\/www.motorfix.com.br\/index.php?rest_route=\/wp\/v2\/pages\/606\/revisions\/610"}],"up":[{"embeddable":true,"href":"https:\/\/www.motorfix.com.br\/index.php?rest_route=\/wp\/v2\/pages\/187"}],"wp:featuredmedia":[{"embeddable":true,"href":"https:\/\/www.motorfix.com.br\/index.php?rest_route=\/wp\/v2\/media\/226"}],"wp:attachment":[{"href":"https:\/\/www.motorfix.com.br\/index.php?rest_route=%2Fwp%2Fv2%2Fmedia&parent=606"}],"curies":[{"name":"wp","href":"https:\/\/api.w.org\/{rel}","templated":true}]}}