{"id":636,"date":"2022-04-02T10:21:16","date_gmt":"2022-04-02T13:21:16","guid":{"rendered":"https:\/\/www.motorfix.com.br\/?page_id=636"},"modified":"2026-03-16T09:16:08","modified_gmt":"2026-03-16T12:16:08","slug":"power-extra-50","status":"publish","type":"page","link":"https:\/\/www.motorfix.com.br\/?page_id=636","title":{"rendered":"Power Extra SAE 50"},"content":{"rendered":"\n<figure class=\"wp-block-image size-large\"><img loading=\"lazy\" decoding=\"async\" width=\"1000\" height=\"624\" src=\"https:\/\/www.motorfix.com.br\/wp-content\/uploads\/2026\/03\/POWER-EXTRA-50-1-20-200-1000x624.png\" alt=\"\" class=\"wp-image-5582\" srcset=\"https:\/\/www.motorfix.com.br\/wp-content\/uploads\/2026\/03\/POWER-EXTRA-50-1-20-200.png 1000w, https:\/\/www.motorfix.com.br\/wp-content\/uploads\/2026\/03\/POWER-EXTRA-50-1-20-200-300x187.png 300w, https:\/\/www.motorfix.com.br\/wp-content\/uploads\/2026\/03\/POWER-EXTRA-50-1-20-200-768x479.png 768w\" sizes=\"(max-width: 1000px) 100vw, 1000px\" \/><\/figure>\n\n\n\n<p><strong>MOTORFIX POWER EXTRA<\/strong> \u00e9 um \u00f3leo lubrificante mineral monoviscoso para motores ciclo diesel<br>estacion\u00e1rio e cansado.<br><\/p>\n\n\n\n<p><strong>MOTORFIX POWER EXTRA<\/strong> \u00e9 um \u00f3leo lubrificante composto por uma mistura de hidrocarbonetos<br>com predomin\u00e2ncia de paraf\u00ednicos; composto de pacotes de aditivos com caracter\u00edsticas<br>antiferrugem, detergente- dispersante, antidesgaste, anticorrosivo, antioxidante e melhorador de<br>viscosidade.<br><\/p>\n\n\n\n<p><strong>MOTORFIX POWER EXTRA<\/strong> atende especifica\u00e7\u00f5es SAE 50.<\/p>\n\n\n\n<p>Dispon\u00edvel nos tamanhos: 1L, 20L, 200L.<\/p>\n","protected":false},"excerpt":{"rendered":"<p>MOTORFIX POWER EXTRA \u00e9 um \u00f3leo lubrificante mineral monoviscoso para motores ciclo dieselestacion\u00e1rio e cansado. MOTORFIX POWER EXTRA \u00e9 um \u00f3leo lubrificante composto por uma mistura de hidrocarbonetoscom predomin\u00e2ncia de paraf\u00ednicos; composto de pacotes de aditivos com caracter\u00edsticasantiferrugem, detergente- dispersante, antidesgaste, anticorrosivo, antioxidante e melhorador deviscosidade. MOTORFIX POWER EXTRA atende especifica\u00e7\u00f5es SAE 50. Dispon\u00edvel nos&#8230;<\/p>\n","protected":false},"author":1,"featured_media":235,"parent":189,"menu_order":3,"comment_status":"closed","ping_status":"closed","template":"","meta":{"footnotes":""},"_links":{"self":[{"href":"https:\/\/www.motorfix.com.br\/index.php?rest_route=\/wp\/v2\/pages\/636"}],"collection":[{"href":"https:\/\/www.motorfix.com.br\/index.php?rest_route=\/wp\/v2\/pages"}],"about":[{"href":"https:\/\/www.motorfix.com.br\/index.php?rest_route=\/wp\/v2\/types\/page"}],"author":[{"embeddable":true,"href":"https:\/\/www.motorfix.com.br\/index.php?rest_route=\/wp\/v2\/users\/1"}],"replies":[{"embeddable":true,"href":"https:\/\/www.motorfix.com.br\/index.php?rest_route=%2Fwp%2Fv2%2Fcomments&post=636"}],"version-history":[{"count":9,"href":"https:\/\/www.motorfix.com.br\/index.php?rest_route=\/wp\/v2\/pages\/636\/revisions"}],"predecessor-version":[{"id":5583,"href":"https:\/\/www.motorfix.com.br\/index.php?rest_route=\/wp\/v2\/pages\/636\/revisions\/5583"}],"up":[{"embeddable":true,"href":"https:\/\/www.motorfix.com.br\/index.php?rest_route=\/wp\/v2\/pages\/189"}],"wp:featuredmedia":[{"embeddable":true,"href":"https:\/\/www.motorfix.com.br\/index.php?rest_route=\/wp\/v2\/media\/235"}],"wp:attachment":[{"href":"https:\/\/www.motorfix.com.br\/index.php?rest_route=%2Fwp%2Fv2%2Fmedia&parent=636"}],"curies":[{"name":"wp","href":"https:\/\/api.w.org\/{rel}","templated":true}]}}