{"id":669,"date":"2022-04-02T10:40:22","date_gmt":"2022-04-02T13:40:22","guid":{"rendered":"https:\/\/www.motorfix.com.br\/?page_id=669"},"modified":"2026-03-13T08:45:50","modified_gmt":"2026-03-13T11:45:50","slug":"motor-gear-80w-gl-4","status":"publish","type":"page","link":"https:\/\/www.motorfix.com.br\/?page_id=669","title":{"rendered":"Motor Gear 80W GL-4"},"content":{"rendered":"\n<figure class=\"wp-block-image size-large\"><img loading=\"lazy\" decoding=\"async\" width=\"1000\" height=\"528\" src=\"https:\/\/www.motorfix.com.br\/wp-content\/uploads\/2026\/03\/MOTOR-GEAR-80W-GL-4-1-20-60-200-1000x528.png\" alt=\"\" class=\"wp-image-5537\" srcset=\"https:\/\/www.motorfix.com.br\/wp-content\/uploads\/2026\/03\/MOTOR-GEAR-80W-GL-4-1-20-60-200.png 1000w, https:\/\/www.motorfix.com.br\/wp-content\/uploads\/2026\/03\/MOTOR-GEAR-80W-GL-4-1-20-60-200-300x158.png 300w, https:\/\/www.motorfix.com.br\/wp-content\/uploads\/2026\/03\/MOTOR-GEAR-80W-GL-4-1-20-60-200-768x406.png 768w\" sizes=\"(max-width: 1000px) 100vw, 1000px\" \/><\/figure>\n\n\n\n<p><strong>MOTORFIX MOTOR GEAR<\/strong> \u00e9 um \u00f3leo lubrificante mineral recomendado para sistemas de<br>transmiss\u00e3o manual automotiva. Oferece adequada prote\u00e7\u00e3o ao desgaste, estabilidade t\u00e9rmica e<br>qu\u00edmica.<br><\/p>\n\n\n\n<p><strong>MOTORFIX MOTOR GEAR<\/strong> \u00e9 composto por uma mistura de hidrocarbonetos com predomin\u00e2ncia de<br>paraf\u00ednicos; composto de pacotes de aditivos com caracter\u00edsticas antiferrugem, detergentedispersante, antiespumante, antidesgaste, anticorrosivo, antioxidante e melhorador de viscosidade<br>e fluidez. Oferece prote\u00e7\u00e3o contra a degrada\u00e7\u00e3o da oxida\u00e7\u00e3o e ferrugem e corros\u00e3o<br><\/p>\n\n\n\n<p><strong>MOTORFIX MOTOR GEAR <\/strong>atende especifica\u00e7\u00f5es SAE 80W API GL-4<\/p>\n\n\n\n<p>Dispon\u00edvel nos tamanhos: 1L, 20L, 60L, 200L.<\/p>\n","protected":false},"excerpt":{"rendered":"<p>MOTORFIX MOTOR GEAR \u00e9 um \u00f3leo lubrificante mineral recomendado para sistemas detransmiss\u00e3o manual automotiva. Oferece adequada prote\u00e7\u00e3o ao desgaste, estabilidade t\u00e9rmica equ\u00edmica. MOTORFIX MOTOR GEAR \u00e9 composto por uma mistura de hidrocarbonetos com predomin\u00e2ncia deparaf\u00ednicos; composto de pacotes de aditivos com caracter\u00edsticas antiferrugem, detergentedispersante, antiespumante, antidesgaste, anticorrosivo, antioxidante e melhorador de viscosidadee fluidez. Oferece prote\u00e7\u00e3o&#8230;<\/p>\n","protected":false},"author":1,"featured_media":253,"parent":197,"menu_order":1,"comment_status":"closed","ping_status":"closed","template":"","meta":{"footnotes":""},"_links":{"self":[{"href":"https:\/\/www.motorfix.com.br\/index.php?rest_route=\/wp\/v2\/pages\/669"}],"collection":[{"href":"https:\/\/www.motorfix.com.br\/index.php?rest_route=\/wp\/v2\/pages"}],"about":[{"href":"https:\/\/www.motorfix.com.br\/index.php?rest_route=\/wp\/v2\/types\/page"}],"author":[{"embeddable":true,"href":"https:\/\/www.motorfix.com.br\/index.php?rest_route=\/wp\/v2\/users\/1"}],"replies":[{"embeddable":true,"href":"https:\/\/www.motorfix.com.br\/index.php?rest_route=%2Fwp%2Fv2%2Fcomments&post=669"}],"version-history":[{"count":7,"href":"https:\/\/www.motorfix.com.br\/index.php?rest_route=\/wp\/v2\/pages\/669\/revisions"}],"predecessor-version":[{"id":5538,"href":"https:\/\/www.motorfix.com.br\/index.php?rest_route=\/wp\/v2\/pages\/669\/revisions\/5538"}],"up":[{"embeddable":true,"href":"https:\/\/www.motorfix.com.br\/index.php?rest_route=\/wp\/v2\/pages\/197"}],"wp:featuredmedia":[{"embeddable":true,"href":"https:\/\/www.motorfix.com.br\/index.php?rest_route=\/wp\/v2\/media\/253"}],"wp:attachment":[{"href":"https:\/\/www.motorfix.com.br\/index.php?rest_route=%2Fwp%2Fv2%2Fmedia&parent=669"}],"curies":[{"name":"wp","href":"https:\/\/api.w.org\/{rel}","templated":true}]}}