{"id":682,"date":"2022-04-02T10:49:51","date_gmt":"2022-04-02T13:49:51","guid":{"rendered":"https:\/\/www.motorfix.com.br\/?page_id=682"},"modified":"2026-03-13T08:47:14","modified_gmt":"2026-03-13T11:47:14","slug":"motor-gear-85w-140-gl-5","status":"publish","type":"page","link":"https:\/\/www.motorfix.com.br\/?page_id=682","title":{"rendered":"Motor Gear 85W-140 GL-5"},"content":{"rendered":"\n<figure class=\"wp-block-image size-large\"><img loading=\"lazy\" decoding=\"async\" width=\"808\" height=\"528\" src=\"https:\/\/www.motorfix.com.br\/wp-content\/uploads\/2026\/03\/MOTOR-GEAR-85W-140-GL-5-1-20-60-200-808x528.png\" alt=\"\" class=\"wp-image-5541\" srcset=\"https:\/\/www.motorfix.com.br\/wp-content\/uploads\/2026\/03\/MOTOR-GEAR-85W-140-GL-5-1-20-60-200.png 808w, https:\/\/www.motorfix.com.br\/wp-content\/uploads\/2026\/03\/MOTOR-GEAR-85W-140-GL-5-1-20-60-200-300x196.png 300w, https:\/\/www.motorfix.com.br\/wp-content\/uploads\/2026\/03\/MOTOR-GEAR-85W-140-GL-5-1-20-60-200-768x502.png 768w\" sizes=\"(max-width: 808px) 100vw, 808px\" \/><\/figure>\n\n\n\n<p><strong>MOTORFIX MOTOR GEAR<\/strong> \u00e9 um \u00f3leo lubrificante para caixas de transmiss\u00e3o e diferencial tipo<br>hipoidal, para ve\u00edculos de passeio, \u00f4nibus , caminh\u00f5es e m\u00e1quinas agr\u00edcolas.<br><\/p>\n\n\n\n<p><strong>MOTORFIX MOTOR GEAR <\/strong>\u00e9 um \u00f3leo lubrificante mineral composto por uma mistura de<br>hidrocarbonetos com predomin\u00e2ncia de paraf\u00ednicos; composto de pacotes de aditivos com<br>caracter\u00edsticas antiferrugem, detergente-dispersante, antiespumante, antidesgaste, anticorrosivo,<br>antioxidante e melhorador de viscosidade. Oferece prote\u00e7\u00e3o eficaz contra a degrada\u00e7\u00e3o da<br>oxida\u00e7\u00e3o e ferrugem e corros\u00e3o.<br><\/p>\n\n\n\n<p><strong>MOTORFIX MOTOR GEAR<\/strong> atende especifica\u00e7\u00f5es SAE 85W140 API GL-5<\/p>\n\n\n\n<p>Dispon\u00edvel nos tamanhos: 1L, 20L, 60L, 200L.<\/p>\n","protected":false},"excerpt":{"rendered":"<p>MOTORFIX MOTOR GEAR \u00e9 um \u00f3leo lubrificante para caixas de transmiss\u00e3o e diferencial tipohipoidal, para ve\u00edculos de passeio, \u00f4nibus , caminh\u00f5es e m\u00e1quinas agr\u00edcolas. MOTORFIX MOTOR GEAR \u00e9 um \u00f3leo lubrificante mineral composto por uma mistura dehidrocarbonetos com predomin\u00e2ncia de paraf\u00ednicos; composto de pacotes de aditivos comcaracter\u00edsticas antiferrugem, detergente-dispersante, antiespumante, antidesgaste, anticorrosivo,antioxidante e melhorador de&#8230;<\/p>\n","protected":false},"author":1,"featured_media":257,"parent":197,"menu_order":3,"comment_status":"closed","ping_status":"closed","template":"","meta":{"footnotes":""},"_links":{"self":[{"href":"https:\/\/www.motorfix.com.br\/index.php?rest_route=\/wp\/v2\/pages\/682"}],"collection":[{"href":"https:\/\/www.motorfix.com.br\/index.php?rest_route=\/wp\/v2\/pages"}],"about":[{"href":"https:\/\/www.motorfix.com.br\/index.php?rest_route=\/wp\/v2\/types\/page"}],"author":[{"embeddable":true,"href":"https:\/\/www.motorfix.com.br\/index.php?rest_route=\/wp\/v2\/users\/1"}],"replies":[{"embeddable":true,"href":"https:\/\/www.motorfix.com.br\/index.php?rest_route=%2Fwp%2Fv2%2Fcomments&post=682"}],"version-history":[{"count":11,"href":"https:\/\/www.motorfix.com.br\/index.php?rest_route=\/wp\/v2\/pages\/682\/revisions"}],"predecessor-version":[{"id":5543,"href":"https:\/\/www.motorfix.com.br\/index.php?rest_route=\/wp\/v2\/pages\/682\/revisions\/5543"}],"up":[{"embeddable":true,"href":"https:\/\/www.motorfix.com.br\/index.php?rest_route=\/wp\/v2\/pages\/197"}],"wp:featuredmedia":[{"embeddable":true,"href":"https:\/\/www.motorfix.com.br\/index.php?rest_route=\/wp\/v2\/media\/257"}],"wp:attachment":[{"href":"https:\/\/www.motorfix.com.br\/index.php?rest_route=%2Fwp%2Fv2%2Fmedia&parent=682"}],"curies":[{"name":"wp","href":"https:\/\/api.w.org\/{rel}","templated":true}]}}