{"id":688,"date":"2022-04-02T10:52:39","date_gmt":"2022-04-02T13:52:39","guid":{"rendered":"https:\/\/www.motorfix.com.br\/?page_id=688"},"modified":"2026-03-13T08:47:46","modified_gmt":"2026-03-13T11:47:46","slug":"motor-gear-90-gl-4","status":"publish","type":"page","link":"https:\/\/www.motorfix.com.br\/?page_id=688","title":{"rendered":"Motor Gear 90 GL-4"},"content":{"rendered":"\n<figure class=\"wp-block-image size-large\"><img loading=\"lazy\" decoding=\"async\" width=\"916\" height=\"528\" src=\"https:\/\/www.motorfix.com.br\/wp-content\/uploads\/2026\/03\/MOTOR-GEAR-90-GL-4-1-4-20-60-200-916x528.png\" alt=\"\" class=\"wp-image-5544\" srcset=\"https:\/\/www.motorfix.com.br\/wp-content\/uploads\/2026\/03\/MOTOR-GEAR-90-GL-4-1-4-20-60-200.png 916w, https:\/\/www.motorfix.com.br\/wp-content\/uploads\/2026\/03\/MOTOR-GEAR-90-GL-4-1-4-20-60-200-300x173.png 300w, https:\/\/www.motorfix.com.br\/wp-content\/uploads\/2026\/03\/MOTOR-GEAR-90-GL-4-1-4-20-60-200-768x443.png 768w\" sizes=\"(max-width: 916px) 100vw, 916px\" \/><\/figure>\n\n\n\n<p><strong>MOTORFIX MOTOR GEAR <\/strong>\u00e9 um \u00f3leo lubrificante mineral para caixas de transmiss\u00e3o e diferencial<br>tipo hipoidal, para ve\u00edculos de passeio, \u00f4nibus, caminh\u00f5es e m\u00e1quinas agr\u00edcolas.<br><\/p>\n\n\n\n<p><strong>MOTORFIX MOTOR GEAR <\/strong>\u00e9 composto por uma mistura de hidrocarbonetos com predomin\u00e2ncia de<br>paraf\u00ednicos; composto de pacotes de aditivos com caracter\u00edsticas antiferrugem, detergentedispersante, antiespumante, antidesgaste, anticorrosivo, antioxidante e melhorador de viscosidade.<br>Oferece prote\u00e7\u00e3o contra a degrada\u00e7\u00e3o da oxida\u00e7\u00e3o e ferrugem e corros\u00e3o<br><\/p>\n\n\n\n<p><strong>MOTORFIX MOTOR GEAR<\/strong> atende especifica\u00e7\u00f5es SAE 90 API GL-4.<\/p>\n\n\n\n<p>Dispon\u00edvel nos tamanhos: 1L, 4L, 20L, 60L, 200L.<\/p>\n","protected":false},"excerpt":{"rendered":"<p>MOTORFIX MOTOR GEAR \u00e9 um \u00f3leo lubrificante mineral para caixas de transmiss\u00e3o e diferencialtipo hipoidal, para ve\u00edculos de passeio, \u00f4nibus, caminh\u00f5es e m\u00e1quinas agr\u00edcolas. MOTORFIX MOTOR GEAR \u00e9 composto por uma mistura de hidrocarbonetos com predomin\u00e2ncia deparaf\u00ednicos; composto de pacotes de aditivos com caracter\u00edsticas antiferrugem, detergentedispersante, antiespumante, antidesgaste, anticorrosivo, antioxidante e melhorador de viscosidade.Oferece prote\u00e7\u00e3o&#8230;<\/p>\n","protected":false},"author":1,"featured_media":260,"parent":197,"menu_order":4,"comment_status":"closed","ping_status":"closed","template":"","meta":{"footnotes":""},"_links":{"self":[{"href":"https:\/\/www.motorfix.com.br\/index.php?rest_route=\/wp\/v2\/pages\/688"}],"collection":[{"href":"https:\/\/www.motorfix.com.br\/index.php?rest_route=\/wp\/v2\/pages"}],"about":[{"href":"https:\/\/www.motorfix.com.br\/index.php?rest_route=\/wp\/v2\/types\/page"}],"author":[{"embeddable":true,"href":"https:\/\/www.motorfix.com.br\/index.php?rest_route=\/wp\/v2\/users\/1"}],"replies":[{"embeddable":true,"href":"https:\/\/www.motorfix.com.br\/index.php?rest_route=%2Fwp%2Fv2%2Fcomments&post=688"}],"version-history":[{"count":9,"href":"https:\/\/www.motorfix.com.br\/index.php?rest_route=\/wp\/v2\/pages\/688\/revisions"}],"predecessor-version":[{"id":5545,"href":"https:\/\/www.motorfix.com.br\/index.php?rest_route=\/wp\/v2\/pages\/688\/revisions\/5545"}],"up":[{"embeddable":true,"href":"https:\/\/www.motorfix.com.br\/index.php?rest_route=\/wp\/v2\/pages\/197"}],"wp:featuredmedia":[{"embeddable":true,"href":"https:\/\/www.motorfix.com.br\/index.php?rest_route=\/wp\/v2\/media\/260"}],"wp:attachment":[{"href":"https:\/\/www.motorfix.com.br\/index.php?rest_route=%2Fwp%2Fv2%2Fmedia&parent=688"}],"curies":[{"name":"wp","href":"https:\/\/api.w.org\/{rel}","templated":true}]}}