{"id":759,"date":"2022-04-02T11:27:36","date_gmt":"2022-04-02T14:27:36","guid":{"rendered":"https:\/\/www.motorfix.com.br\/?page_id=759"},"modified":"2026-03-16T09:28:16","modified_gmt":"2026-03-16T12:28:16","slug":"hidraulico-aw-68","status":"publish","type":"page","link":"https:\/\/www.motorfix.com.br\/?page_id=759","title":{"rendered":"Hidraulico AW 68"},"content":{"rendered":"\n<figure class=\"wp-block-image size-large\"><img loading=\"lazy\" decoding=\"async\" width=\"1000\" height=\"681\" src=\"https:\/\/www.motorfix.com.br\/wp-content\/uploads\/2026\/03\/HIDRAULICO-AW-68-4-20-60-200-1000x681.png\" alt=\"\" class=\"wp-image-5596\" srcset=\"https:\/\/www.motorfix.com.br\/wp-content\/uploads\/2026\/03\/HIDRAULICO-AW-68-4-20-60-200.png 1000w, https:\/\/www.motorfix.com.br\/wp-content\/uploads\/2026\/03\/HIDRAULICO-AW-68-4-20-60-200-300x204.png 300w, https:\/\/www.motorfix.com.br\/wp-content\/uploads\/2026\/03\/HIDRAULICO-AW-68-4-20-60-200-768x523.png 768w\" sizes=\"(max-width: 1000px) 100vw, 1000px\" \/><\/figure>\n\n\n\n<p><strong>MOTORFIX HIDR\u00c1ULICO AW<\/strong> \u00e9 um \u00f3leo lubrificante mineral recomendado para sistemas<br>hidr\u00e1ulicos. Proporciona prote\u00e7\u00e3o contra desgaste e a corros\u00e3o das partes lubrificadas<br><\/p>\n\n\n\n<p><strong>MOTORFIX HIDR\u00c1ULICO AW<\/strong> foi formulado com \u00f3leos b\u00e1sicos especialmente refinados, aditivos<br>anticorrosivo, antidesgaste, antiespumante, antiferrugem e antioxidante.<br><\/p>\n\n\n\n<p><strong>MOTORFIX HIDR\u00c1ULICO AW<\/strong> atende equipamentos hidr\u00e1ulicos ind\u00fastriais com as especifica\u00e7\u00f5es<br>ISO 68 \u2013 Denison HF-0,HF e HF-2; Cincinnati P-69; DIN 51524 Parte 2 (HLP), VICKERS M-2950-S E I286-S e AFNOR Filterability.<\/p>\n\n\n\n<p>Dispon\u00edvel nos tamanhos: 4L, 20L, 60L, 200L.<\/p>\n","protected":false},"excerpt":{"rendered":"<p>MOTORFIX HIDR\u00c1ULICO AW \u00e9 um \u00f3leo lubrificante mineral recomendado para sistemashidr\u00e1ulicos. Proporciona prote\u00e7\u00e3o contra desgaste e a corros\u00e3o das partes lubrificadas MOTORFIX HIDR\u00c1ULICO AW foi formulado com \u00f3leos b\u00e1sicos especialmente refinados, aditivosanticorrosivo, antidesgaste, antiespumante, antiferrugem e antioxidante. MOTORFIX HIDR\u00c1ULICO AW atende equipamentos hidr\u00e1ulicos ind\u00fastriais com as especifica\u00e7\u00f5esISO 68 \u2013 Denison HF-0,HF e HF-2; Cincinnati P-69;&#8230;<\/p>\n","protected":false},"author":1,"featured_media":276,"parent":199,"menu_order":4,"comment_status":"closed","ping_status":"closed","template":"","meta":{"footnotes":""},"_links":{"self":[{"href":"https:\/\/www.motorfix.com.br\/index.php?rest_route=\/wp\/v2\/pages\/759"}],"collection":[{"href":"https:\/\/www.motorfix.com.br\/index.php?rest_route=\/wp\/v2\/pages"}],"about":[{"href":"https:\/\/www.motorfix.com.br\/index.php?rest_route=\/wp\/v2\/types\/page"}],"author":[{"embeddable":true,"href":"https:\/\/www.motorfix.com.br\/index.php?rest_route=\/wp\/v2\/users\/1"}],"replies":[{"embeddable":true,"href":"https:\/\/www.motorfix.com.br\/index.php?rest_route=%2Fwp%2Fv2%2Fcomments&post=759"}],"version-history":[{"count":9,"href":"https:\/\/www.motorfix.com.br\/index.php?rest_route=\/wp\/v2\/pages\/759\/revisions"}],"predecessor-version":[{"id":5597,"href":"https:\/\/www.motorfix.com.br\/index.php?rest_route=\/wp\/v2\/pages\/759\/revisions\/5597"}],"up":[{"embeddable":true,"href":"https:\/\/www.motorfix.com.br\/index.php?rest_route=\/wp\/v2\/pages\/199"}],"wp:featuredmedia":[{"embeddable":true,"href":"https:\/\/www.motorfix.com.br\/index.php?rest_route=\/wp\/v2\/media\/276"}],"wp:attachment":[{"href":"https:\/\/www.motorfix.com.br\/index.php?rest_route=%2Fwp%2Fv2%2Fmedia&parent=759"}],"curies":[{"name":"wp","href":"https:\/\/api.w.org\/{rel}","templated":true}]}}