{"id":802,"date":"2022-04-02T11:45:13","date_gmt":"2022-04-02T14:45:13","guid":{"rendered":"https:\/\/www.motorfix.com.br\/?page_id=802"},"modified":"2026-03-16T09:30:27","modified_gmt":"2026-03-16T12:30:27","slug":"redux-hd-iso-680","status":"publish","type":"page","link":"https:\/\/www.motorfix.com.br\/?page_id=802","title":{"rendered":"Redux HD 680"},"content":{"rendered":"\n<figure class=\"wp-block-image size-large\"><img loading=\"lazy\" decoding=\"async\" width=\"1000\" height=\"802\" src=\"https:\/\/www.motorfix.com.br\/wp-content\/uploads\/2026\/03\/REDUX-HD-680-20-60-200-1000x802.png\" alt=\"\" class=\"wp-image-5609\" srcset=\"https:\/\/www.motorfix.com.br\/wp-content\/uploads\/2026\/03\/REDUX-HD-680-20-60-200.png 1000w, https:\/\/www.motorfix.com.br\/wp-content\/uploads\/2026\/03\/REDUX-HD-680-20-60-200-300x241.png 300w, https:\/\/www.motorfix.com.br\/wp-content\/uploads\/2026\/03\/REDUX-HD-680-20-60-200-768x616.png 768w\" sizes=\"(max-width: 1000px) 100vw, 1000px\" \/><\/figure>\n\n\n\n<p><strong>MOTORFIX REDUX<\/strong> \u00d3leo lubrificante para redutores e engrenagens industriais fechadas,<br>operando em condi\u00e7\u00f5es de elevadas cargas de choque.<br><\/p>\n\n\n\n<p><strong>MOTORFIX<\/strong> <strong>REDUX<\/strong> \u00e9 um \u00f3leo b\u00e1sico mineral composto por uma mistura de<br>hidrocarbonetos com predomin\u00e2ncia de paraf\u00ednicos; composto de pacotes de aditivos com<br>caracter\u00edsticas extrema press\u00e3o, detergente-dispersante, antiespumante, antidesgaste,<br>anticorrosivo, antioxidante e melhorador de viscosidade.<br><\/p>\n\n\n\n<p><strong>MOTORFIX REDUX<\/strong> atende especifica\u00e7\u00f5es ISO 680 \u2013 AGMA 9005 \u2013 E02; DIN 51517<br>PART 3; ISSO 12925-1; CKC\/CKD; U.S. Steel 224.<\/p>\n\n\n\n<p>Dispon\u00edvel nos tamanhos: 20L, 60L, 200L.<\/p>\n","protected":false},"excerpt":{"rendered":"<p>MOTORFIX REDUX \u00d3leo lubrificante para redutores e engrenagens industriais fechadas,operando em condi\u00e7\u00f5es de elevadas cargas de choque. MOTORFIX REDUX \u00e9 um \u00f3leo b\u00e1sico mineral composto por uma mistura dehidrocarbonetos com predomin\u00e2ncia de paraf\u00ednicos; composto de pacotes de aditivos comcaracter\u00edsticas extrema press\u00e3o, detergente-dispersante, antiespumante, antidesgaste,anticorrosivo, antioxidante e melhorador de viscosidade. MOTORFIX REDUX atende especifica\u00e7\u00f5es ISO 680&#8230;<\/p>\n","protected":false},"author":1,"featured_media":282,"parent":199,"menu_order":10,"comment_status":"closed","ping_status":"closed","template":"","meta":{"footnotes":""},"_links":{"self":[{"href":"https:\/\/www.motorfix.com.br\/index.php?rest_route=\/wp\/v2\/pages\/802"}],"collection":[{"href":"https:\/\/www.motorfix.com.br\/index.php?rest_route=\/wp\/v2\/pages"}],"about":[{"href":"https:\/\/www.motorfix.com.br\/index.php?rest_route=\/wp\/v2\/types\/page"}],"author":[{"embeddable":true,"href":"https:\/\/www.motorfix.com.br\/index.php?rest_route=\/wp\/v2\/users\/1"}],"replies":[{"embeddable":true,"href":"https:\/\/www.motorfix.com.br\/index.php?rest_route=%2Fwp%2Fv2%2Fcomments&post=802"}],"version-history":[{"count":9,"href":"https:\/\/www.motorfix.com.br\/index.php?rest_route=\/wp\/v2\/pages\/802\/revisions"}],"predecessor-version":[{"id":5610,"href":"https:\/\/www.motorfix.com.br\/index.php?rest_route=\/wp\/v2\/pages\/802\/revisions\/5610"}],"up":[{"embeddable":true,"href":"https:\/\/www.motorfix.com.br\/index.php?rest_route=\/wp\/v2\/pages\/199"}],"wp:featuredmedia":[{"embeddable":true,"href":"https:\/\/www.motorfix.com.br\/index.php?rest_route=\/wp\/v2\/media\/282"}],"wp:attachment":[{"href":"https:\/\/www.motorfix.com.br\/index.php?rest_route=%2Fwp%2Fv2%2Fmedia&parent=802"}],"curies":[{"name":"wp","href":"https:\/\/api.w.org\/{rel}","templated":true}]}}