{"id":841,"date":"2022-04-02T12:05:53","date_gmt":"2022-04-02T15:05:53","guid":{"rendered":"https:\/\/www.motorfix.com.br\/?page_id=841"},"modified":"2026-03-13T09:45:35","modified_gmt":"2026-03-13T12:45:35","slug":"tractor-fluid-20w-30","status":"publish","type":"page","link":"https:\/\/www.motorfix.com.br\/?page_id=841","title":{"rendered":"Tractor Fluid 20W-30"},"content":{"rendered":"\n<figure class=\"wp-block-image size-large\"><img loading=\"lazy\" decoding=\"async\" width=\"1024\" height=\"629\" src=\"https:\/\/www.motorfix.com.br\/wp-content\/uploads\/2026\/03\/TRACTOR-FLUID-20W30-4-20-60-200-1024x629.png\" alt=\"\" class=\"wp-image-5556\" srcset=\"https:\/\/www.motorfix.com.br\/wp-content\/uploads\/2026\/03\/TRACTOR-FLUID-20W30-4-20-60-200-1024x629.png 1024w, https:\/\/www.motorfix.com.br\/wp-content\/uploads\/2026\/03\/TRACTOR-FLUID-20W30-4-20-60-200-300x184.png 300w, https:\/\/www.motorfix.com.br\/wp-content\/uploads\/2026\/03\/TRACTOR-FLUID-20W30-4-20-60-200-768x472.png 768w, https:\/\/www.motorfix.com.br\/wp-content\/uploads\/2026\/03\/TRACTOR-FLUID-20W30-4-20-60-200.png 1029w\" sizes=\"(max-width: 1024px) 100vw, 1024px\" \/><\/figure>\n\n\n\n<p><strong>MOTORFIX TRACTOR FLUID <\/strong>\u00e9 um \u00f3leo lubrificante mineral multiviscoso para caixas, sistemas<br>hidr\u00e1ulicos, transmiss\u00f5es e freio \u00famido de tratores.<br><\/p>\n\n\n\n<p><strong>MOTORFIX TRACTOR FLUIDO<\/strong> \u00e9 um \u00f3leo lubrificante composto por uma mistura de hidrocarbonetos<br>com predomin\u00e2ncia de paraf\u00ednicos; composto de pacotes de aditivos com caracter\u00edsticas<br>antiferrugem, detergente-dispersante, antiespumante, antidesgaste, anticorrosivo, antioxidante e<br>melhorador de fluidez.<br><\/p>\n\n\n\n<p><strong>MOTORFIX TRACTOR FLUID<\/strong> atende especifica\u00e7\u00f5es SAE 20W30 &#8211; API GL-4, VOLVO VME WB-101,<br>CATERPILLAR TO-2, AGCO MASSEY-FERGUSON 1135, ALLISON C4, ZF TE-ML-03E\/05F<\/p>\n\n\n\n<p>Dispon\u00edvel nos tamanhos: 4L, 20L, 60L, 200L.<\/p>\n","protected":false},"excerpt":{"rendered":"<p>MOTORFIX TRACTOR FLUID \u00e9 um \u00f3leo lubrificante mineral multiviscoso para caixas, sistemashidr\u00e1ulicos, transmiss\u00f5es e freio \u00famido de tratores. MOTORFIX TRACTOR FLUIDO \u00e9 um \u00f3leo lubrificante composto por uma mistura de hidrocarbonetoscom predomin\u00e2ncia de paraf\u00ednicos; composto de pacotes de aditivos com caracter\u00edsticasantiferrugem, detergente-dispersante, antiespumante, antidesgaste, anticorrosivo, antioxidante emelhorador de fluidez. MOTORFIX TRACTOR FLUID atende especifica\u00e7\u00f5es SAE&#8230;<\/p>\n","protected":false},"author":1,"featured_media":846,"parent":191,"menu_order":2,"comment_status":"closed","ping_status":"closed","template":"","meta":{"footnotes":""},"_links":{"self":[{"href":"https:\/\/www.motorfix.com.br\/index.php?rest_route=\/wp\/v2\/pages\/841"}],"collection":[{"href":"https:\/\/www.motorfix.com.br\/index.php?rest_route=\/wp\/v2\/pages"}],"about":[{"href":"https:\/\/www.motorfix.com.br\/index.php?rest_route=\/wp\/v2\/types\/page"}],"author":[{"embeddable":true,"href":"https:\/\/www.motorfix.com.br\/index.php?rest_route=\/wp\/v2\/users\/1"}],"replies":[{"embeddable":true,"href":"https:\/\/www.motorfix.com.br\/index.php?rest_route=%2Fwp%2Fv2%2Fcomments&post=841"}],"version-history":[{"count":8,"href":"https:\/\/www.motorfix.com.br\/index.php?rest_route=\/wp\/v2\/pages\/841\/revisions"}],"predecessor-version":[{"id":5558,"href":"https:\/\/www.motorfix.com.br\/index.php?rest_route=\/wp\/v2\/pages\/841\/revisions\/5558"}],"up":[{"embeddable":true,"href":"https:\/\/www.motorfix.com.br\/index.php?rest_route=\/wp\/v2\/pages\/191"}],"wp:featuredmedia":[{"embeddable":true,"href":"https:\/\/www.motorfix.com.br\/index.php?rest_route=\/wp\/v2\/media\/846"}],"wp:attachment":[{"href":"https:\/\/www.motorfix.com.br\/index.php?rest_route=%2Fwp%2Fv2%2Fmedia&parent=841"}],"curies":[{"name":"wp","href":"https:\/\/api.w.org\/{rel}","templated":true}]}}