{"id":853,"date":"2022-04-04T07:56:06","date_gmt":"2022-04-04T10:56:06","guid":{"rendered":"https:\/\/www.motorfix.com.br\/?page_id=853"},"modified":"2026-03-13T09:47:44","modified_gmt":"2026-03-13T12:47:44","slug":"atf-cvt","status":"publish","type":"page","link":"https:\/\/www.motorfix.com.br\/?page_id=853","title":{"rendered":"ATF CVT"},"content":{"rendered":"<div class=\"wp-block-image\">\n<figure class=\"aligncenter size-large\"><img loading=\"lazy\" decoding=\"async\" width=\"642\" height=\"637\" src=\"https:\/\/www.motorfix.com.br\/wp-content\/uploads\/2026\/03\/ATF-CVT-1-200-642x637.png\" alt=\"\" class=\"wp-image-5565\" srcset=\"https:\/\/www.motorfix.com.br\/wp-content\/uploads\/2026\/03\/ATF-CVT-1-200.png 642w, https:\/\/www.motorfix.com.br\/wp-content\/uploads\/2026\/03\/ATF-CVT-1-200-300x298.png 300w, https:\/\/www.motorfix.com.br\/wp-content\/uploads\/2026\/03\/ATF-CVT-1-200-150x150.png 150w, https:\/\/www.motorfix.com.br\/wp-content\/uploads\/2026\/03\/ATF-CVT-1-200-125x125.png 125w\" sizes=\"(max-width: 642px) 100vw, 642px\" \/><\/figure><\/div>\n\n\n<p><strong>MOTORFIX ATF CVT<\/strong> \u00e9 um fluido sint\u00e9tico projetado exclusivamente com a mistura equilibrada de<br>aditivos de alto desempenho e fluidos de base cuidadosamente selecionados para fornecer<br>desempenho adequado em uma ampla variedade de ve\u00edculos de passageiros equipados com CVT<br>(Transmiss\u00f5es continuamente vari\u00e1vel). Seu desempenho foi demonstrado em diferentes \u00e1reas<br>requeridas para o fluido CVT, incluindo fluidez em baixa temperatura, estabilidade \u00e0 oxida\u00e7\u00e3o,<br>prote\u00e7\u00e3o contra desgaste, durabilidade anti tremor, estabilidade ao cisalhamento, compatibilidade<br>de materiais, fric\u00e7\u00e3o metal-metal e preven\u00e7\u00e3o de espuma..<br><\/p>\n\n\n\n<p><strong>MOTORFIX ATF CVT<\/strong> \u00e9 recomendado para ampla gama de ve\u00edculos equipados com CVT.<br><\/p>\n\n\n\n<p><strong>MOTORFIX ATF CVT<\/strong> Atende Mazda CVTF 3320; Ford M2C928-A(CFT23); Mercedes Benz<br>236.20; Nissan (NS-1, NS-2, NS-3); BMW\/Mini Cooper EZL 799A; Mitsubishi CVTF-J1, CVTF-J4 ;<br>Subaru E-CVT, Daihatsu Amix CVTF-DC, Daihatsu Amix CVTF-DFE; Dodge \/ Jeep MOPAR<br>CVTF+4; GM CVT\/ DEX-CVT; Suzuki (CVTF 3320, CVTF Green 1, CVTF Green 2, CVTF-3320);<br>Honda (HMMF, HCF-2); Hyundai \/ Kia (SP-CVT 1); Toyota\/Lexus (TC, FE, WS ).<\/p>\n\n\n\n<p>Dispon\u00edvel nos tamanhos: 1L, 200L.<\/p>\n","protected":false},"excerpt":{"rendered":"<p>MOTORFIX ATF CVT \u00e9 um fluido sint\u00e9tico projetado exclusivamente com a mistura equilibrada deaditivos de alto desempenho e fluidos de base cuidadosamente selecionados para fornecerdesempenho adequado em uma ampla variedade de ve\u00edculos de passageiros equipados com CVT(Transmiss\u00f5es continuamente vari\u00e1vel). Seu desempenho foi demonstrado em diferentes \u00e1reasrequeridas para o fluido CVT, incluindo fluidez em baixa temperatura,&#8230;<\/p>\n","protected":false},"author":1,"featured_media":326,"parent":193,"menu_order":1,"comment_status":"closed","ping_status":"closed","template":"","meta":{"footnotes":""},"_links":{"self":[{"href":"https:\/\/www.motorfix.com.br\/index.php?rest_route=\/wp\/v2\/pages\/853"}],"collection":[{"href":"https:\/\/www.motorfix.com.br\/index.php?rest_route=\/wp\/v2\/pages"}],"about":[{"href":"https:\/\/www.motorfix.com.br\/index.php?rest_route=\/wp\/v2\/types\/page"}],"author":[{"embeddable":true,"href":"https:\/\/www.motorfix.com.br\/index.php?rest_route=\/wp\/v2\/users\/1"}],"replies":[{"embeddable":true,"href":"https:\/\/www.motorfix.com.br\/index.php?rest_route=%2Fwp%2Fv2%2Fcomments&post=853"}],"version-history":[{"count":9,"href":"https:\/\/www.motorfix.com.br\/index.php?rest_route=\/wp\/v2\/pages\/853\/revisions"}],"predecessor-version":[{"id":5566,"href":"https:\/\/www.motorfix.com.br\/index.php?rest_route=\/wp\/v2\/pages\/853\/revisions\/5566"}],"up":[{"embeddable":true,"href":"https:\/\/www.motorfix.com.br\/index.php?rest_route=\/wp\/v2\/pages\/193"}],"wp:featuredmedia":[{"embeddable":true,"href":"https:\/\/www.motorfix.com.br\/index.php?rest_route=\/wp\/v2\/media\/326"}],"wp:attachment":[{"href":"https:\/\/www.motorfix.com.br\/index.php?rest_route=%2Fwp%2Fv2%2Fmedia&parent=853"}],"curies":[{"name":"wp","href":"https:\/\/api.w.org\/{rel}","templated":true}]}}