{"id":859,"date":"2022-04-04T08:03:38","date_gmt":"2022-04-04T11:03:38","guid":{"rendered":"https:\/\/www.motorfix.com.br\/?page_id=859"},"modified":"2026-03-13T09:48:14","modified_gmt":"2026-03-13T12:48:14","slug":"atf-dvi-dexron","status":"publish","type":"page","link":"https:\/\/www.motorfix.com.br\/?page_id=859","title":{"rendered":"ATF DVI DEXRON"},"content":{"rendered":"<div class=\"wp-block-image\">\n<figure class=\"aligncenter size-large\"><img loading=\"lazy\" decoding=\"async\" width=\"642\" height=\"637\" src=\"https:\/\/www.motorfix.com.br\/wp-content\/uploads\/2026\/03\/ATF-DEXRON-VI-1-200-642x637.png\" alt=\"\" class=\"wp-image-5567\" srcset=\"https:\/\/www.motorfix.com.br\/wp-content\/uploads\/2026\/03\/ATF-DEXRON-VI-1-200.png 642w, https:\/\/www.motorfix.com.br\/wp-content\/uploads\/2026\/03\/ATF-DEXRON-VI-1-200-300x298.png 300w, https:\/\/www.motorfix.com.br\/wp-content\/uploads\/2026\/03\/ATF-DEXRON-VI-1-200-150x150.png 150w, https:\/\/www.motorfix.com.br\/wp-content\/uploads\/2026\/03\/ATF-DEXRON-VI-1-200-125x125.png 125w\" sizes=\"(max-width: 642px) 100vw, 642px\" \/><\/figure><\/div>\n\n\n<p><strong>MOTORFIX ATF DVI <\/strong>\u00e9 um fluido sint\u00e9tico de alto desempenho especialmente desenvolvido para<br>transmiss\u00e3o autom\u00e1tica. Este fluido \u00e9 formulado com fluidos de qualidade excepcional e avan\u00e7ada<br>tecnologia de aditivos para fornecer excelente resist\u00eancia \u00e0 oxida\u00e7\u00e3o, durabilidade de fric\u00e7\u00e3o,<br>prote\u00e7\u00e3o contra desgaste e estabilidade ao cisalhamento. Ele \u00e9 projetado para fornecer o<br>dobro da vida \u00fatil de um DEXRON\u00ae III (H) ATF e oferece desempenho anti-tremor e deslocamento<br>suave. \u00c9 totalmente repar\u00e1vel para as aplica\u00e7\u00f5es DEXRON\u00ae III (H),DEXRON\u00ae III, DEXRON\u00ae II E<br>e DEXRON\u00ae II D e oferece desempenho aprimorado para transmiss\u00f5es novas e antigas<br><\/p>\n\n\n\n<p><strong>MOTORFIX ATF DVI<\/strong> \u00e9 recomendado para ve\u00edculos com transmiss\u00f5es Hydra-Matic de que<br>requerem fluidos de qualidade DEXRON\u00ae VI. Sendo totalmente repar\u00e1vel, tamb\u00e9m \u00e9<br>recomendado para transmiss\u00f5es autom\u00e1ticas que exigem \u00f3leos de qualidade DEXRON\u00ae III (H),<br>DEXRON\u00ae III, DEXRON\u00ae II E e DEXRON\u00ae II D para melhor desempenho<br><\/p>\n\n\n\n<p><strong>MOTORFIX ATF DVI <\/strong>Atende DEXRON VI \u2013 MERCON LV<\/p>\n\n\n\n<p>Dispon\u00edvel nos tamanhos: 1L, 200L.<\/p>\n","protected":false},"excerpt":{"rendered":"<p>MOTORFIX ATF DVI \u00e9 um fluido sint\u00e9tico de alto desempenho especialmente desenvolvido paratransmiss\u00e3o autom\u00e1tica. Este fluido \u00e9 formulado com fluidos de qualidade excepcional e avan\u00e7adatecnologia de aditivos para fornecer excelente resist\u00eancia \u00e0 oxida\u00e7\u00e3o, durabilidade de fric\u00e7\u00e3o,prote\u00e7\u00e3o contra desgaste e estabilidade ao cisalhamento. Ele \u00e9 projetado para fornecer odobro da vida \u00fatil de um DEXRON\u00ae III&#8230;<\/p>\n","protected":false},"author":1,"featured_media":329,"parent":193,"menu_order":2,"comment_status":"closed","ping_status":"closed","template":"","meta":{"footnotes":""},"_links":{"self":[{"href":"https:\/\/www.motorfix.com.br\/index.php?rest_route=\/wp\/v2\/pages\/859"}],"collection":[{"href":"https:\/\/www.motorfix.com.br\/index.php?rest_route=\/wp\/v2\/pages"}],"about":[{"href":"https:\/\/www.motorfix.com.br\/index.php?rest_route=\/wp\/v2\/types\/page"}],"author":[{"embeddable":true,"href":"https:\/\/www.motorfix.com.br\/index.php?rest_route=\/wp\/v2\/users\/1"}],"replies":[{"embeddable":true,"href":"https:\/\/www.motorfix.com.br\/index.php?rest_route=%2Fwp%2Fv2%2Fcomments&post=859"}],"version-history":[{"count":9,"href":"https:\/\/www.motorfix.com.br\/index.php?rest_route=\/wp\/v2\/pages\/859\/revisions"}],"predecessor-version":[{"id":5568,"href":"https:\/\/www.motorfix.com.br\/index.php?rest_route=\/wp\/v2\/pages\/859\/revisions\/5568"}],"up":[{"embeddable":true,"href":"https:\/\/www.motorfix.com.br\/index.php?rest_route=\/wp\/v2\/pages\/193"}],"wp:featuredmedia":[{"embeddable":true,"href":"https:\/\/www.motorfix.com.br\/index.php?rest_route=\/wp\/v2\/media\/329"}],"wp:attachment":[{"href":"https:\/\/www.motorfix.com.br\/index.php?rest_route=%2Fwp%2Fv2%2Fmedia&parent=859"}],"curies":[{"name":"wp","href":"https:\/\/api.w.org\/{rel}","templated":true}]}}