{"id":877,"date":"2022-04-04T08:12:50","date_gmt":"2022-04-04T11:12:50","guid":{"rendered":"https:\/\/www.motorfix.com.br\/?page_id=877"},"modified":"2026-03-13T09:49:12","modified_gmt":"2026-03-13T12:49:12","slug":"dh-tipo-a","status":"publish","type":"page","link":"https:\/\/www.motorfix.com.br\/?page_id=877","title":{"rendered":"DH Tipo A"},"content":{"rendered":"\n<figure class=\"wp-block-image size-large\"><img loading=\"lazy\" decoding=\"async\" width=\"1024\" height=\"629\" src=\"https:\/\/www.motorfix.com.br\/wp-content\/uploads\/2026\/03\/DH-TIPO-A-500ml-1-4-20-60-200-1024x629.png\" alt=\"\" class=\"wp-image-5569\" srcset=\"https:\/\/www.motorfix.com.br\/wp-content\/uploads\/2026\/03\/DH-TIPO-A-500ml-1-4-20-60-200-1024x629.png 1024w, https:\/\/www.motorfix.com.br\/wp-content\/uploads\/2026\/03\/DH-TIPO-A-500ml-1-4-20-60-200-300x184.png 300w, https:\/\/www.motorfix.com.br\/wp-content\/uploads\/2026\/03\/DH-TIPO-A-500ml-1-4-20-60-200-768x472.png 768w, https:\/\/www.motorfix.com.br\/wp-content\/uploads\/2026\/03\/DH-TIPO-A-500ml-1-4-20-60-200.png 1029w\" sizes=\"(max-width: 1024px) 100vw, 1024px\" \/><\/figure>\n\n\n\n<p><strong>MOTORFIX DH TIPO A<\/strong> \u00e9 um fluido mineral desenvolvido para sistemas de dire\u00e7\u00e3o hidr\u00e1ulica de<br>ve\u00edculos e suspens\u00e3o dianteira de motos que especificam o uso de fluidos TIPO A SUFIXO A. Tamb\u00e9m<br>recomendado para certas transmiss\u00f5es manuais e sistemas hidr\u00e1ulicos onde tais tipos de fluidos s\u00e3o<br>especificados.<br><\/p>\n\n\n\n<p><strong>MOTORFIX DH TIPO A<\/strong> \u00e9 formulado com \u00f3leos b\u00e1sicos altamente refinados e aditivos de alto<br>desempenho que fornecem estabilidade t\u00e9rmica aprimorada, caracter\u00edsticas de fric\u00e7\u00e3o e prote\u00e7\u00e3o<br>contra ferrugem e corros\u00e3o.<br><\/p>\n\n\n\n<p><strong>MOTORFIX DH TIPO A<\/strong> atende as especifica\u00e7\u00f5es TASA &#8211; TIPO A SUFIXO A<\/p>\n\n\n\n<p>Dispon\u00edvel nos tamanhos: 500ml, 1L, 4L, 20L, 60L, 200L.<\/p>\n","protected":false},"excerpt":{"rendered":"<p>MOTORFIX DH TIPO A \u00e9 um fluido mineral desenvolvido para sistemas de dire\u00e7\u00e3o hidr\u00e1ulica deve\u00edculos e suspens\u00e3o dianteira de motos que especificam o uso de fluidos TIPO A SUFIXO A. Tamb\u00e9mrecomendado para certas transmiss\u00f5es manuais e sistemas hidr\u00e1ulicos onde tais tipos de fluidos s\u00e3oespecificados. MOTORFIX DH TIPO A \u00e9 formulado com \u00f3leos b\u00e1sicos altamente refinados&#8230;<\/p>\n","protected":false},"author":1,"featured_media":332,"parent":193,"menu_order":4,"comment_status":"closed","ping_status":"closed","template":"","meta":{"footnotes":""},"_links":{"self":[{"href":"https:\/\/www.motorfix.com.br\/index.php?rest_route=\/wp\/v2\/pages\/877"}],"collection":[{"href":"https:\/\/www.motorfix.com.br\/index.php?rest_route=\/wp\/v2\/pages"}],"about":[{"href":"https:\/\/www.motorfix.com.br\/index.php?rest_route=\/wp\/v2\/types\/page"}],"author":[{"embeddable":true,"href":"https:\/\/www.motorfix.com.br\/index.php?rest_route=\/wp\/v2\/users\/1"}],"replies":[{"embeddable":true,"href":"https:\/\/www.motorfix.com.br\/index.php?rest_route=%2Fwp%2Fv2%2Fcomments&post=877"}],"version-history":[{"count":8,"href":"https:\/\/www.motorfix.com.br\/index.php?rest_route=\/wp\/v2\/pages\/877\/revisions"}],"predecessor-version":[{"id":5572,"href":"https:\/\/www.motorfix.com.br\/index.php?rest_route=\/wp\/v2\/pages\/877\/revisions\/5572"}],"up":[{"embeddable":true,"href":"https:\/\/www.motorfix.com.br\/index.php?rest_route=\/wp\/v2\/pages\/193"}],"wp:featuredmedia":[{"embeddable":true,"href":"https:\/\/www.motorfix.com.br\/index.php?rest_route=\/wp\/v2\/media\/332"}],"wp:attachment":[{"href":"https:\/\/www.motorfix.com.br\/index.php?rest_route=%2Fwp%2Fv2%2Fmedia&parent=877"}],"curies":[{"name":"wp","href":"https:\/\/api.w.org\/{rel}","templated":true}]}}