{"id":985,"date":"2022-04-04T09:25:58","date_gmt":"2022-04-04T12:25:58","guid":{"rendered":"https:\/\/www.motorfix.com.br\/?page_id=985"},"modified":"2026-04-02T08:52:14","modified_gmt":"2026-04-02T11:52:14","slug":"fork-oil-sae-10w","status":"publish","type":"page","link":"https:\/\/www.motorfix.com.br\/?page_id=985","title":{"rendered":"Fork Oil SAE 10W"},"content":{"rendered":"\n<figure class=\"wp-block-image size-large\"><img loading=\"lazy\" decoding=\"async\" width=\"769\" height=\"850\" src=\"https:\/\/www.motorfix.com.br\/wp-content\/uploads\/2026\/03\/FORK-OIL-10W-500ML-1-769x850.png\" alt=\"\" class=\"wp-image-5525\" srcset=\"https:\/\/www.motorfix.com.br\/wp-content\/uploads\/2026\/03\/FORK-OIL-10W-500ML-1.png 769w, https:\/\/www.motorfix.com.br\/wp-content\/uploads\/2026\/03\/FORK-OIL-10W-500ML-1-271x300.png 271w, https:\/\/www.motorfix.com.br\/wp-content\/uploads\/2026\/03\/FORK-OIL-10W-500ML-1-768x849.png 768w\" sizes=\"(max-width: 769px) 100vw, 769px\" \/><\/figure>\n\n\n\n<p><strong>MOTORFIX FORK OIL <\/strong>\u00e9 um fluido semissint\u00e9tico desenvolvido para garfos telesc\u00f3picos de<br>motocicletas com aditivos anti-fric\u00e7\u00e3o que oferecem constante amortecimento, protege e conserva<br>as juntas. Operando em condi\u00e7\u00f5es severas absorvendo impactos sofridos pela suspens\u00e3o dianteira<br>das motocicletas.<br><\/p>\n\n\n\n<p><strong>MOTORFIX FORK OIL<\/strong> \u00e9 formulado com \u00f3leos b\u00e1sicos altamente refinados e aditivos de alto<br>desempenho que fornecem elevada estabilidade qu\u00edmica, reduz o desgaste, propriedades<br>antiespumantes, resistente \u00e0 oxida\u00e7\u00e3o o que permite manter as caracter\u00edsticas f\u00edsico-qu\u00edmicas do<br>\u00f3leo.<br><\/p>\n\n\n\n<p><strong>MOTORFIX FORK OIL<\/strong> atende as especifica\u00e7\u00f5es SAE 5W e 10W<\/p>\n\n\n\n<p>Dispon\u00edvel nos tamanhos: 500ML, 1L.<\/p>\n","protected":false},"excerpt":{"rendered":"<p>MOTORFIX FORK OIL \u00e9 um fluido semissint\u00e9tico desenvolvido para garfos telesc\u00f3picos demotocicletas com aditivos anti-fric\u00e7\u00e3o que oferecem constante amortecimento, protege e conservaas juntas. Operando em condi\u00e7\u00f5es severas absorvendo impactos sofridos pela suspens\u00e3o dianteiradas motocicletas. MOTORFIX FORK OIL \u00e9 formulado com \u00f3leos b\u00e1sicos altamente refinados e aditivos de altodesempenho que fornecem elevada estabilidade qu\u00edmica, reduz o&#8230;<\/p>\n","protected":false},"author":1,"featured_media":4591,"parent":185,"menu_order":7,"comment_status":"closed","ping_status":"closed","template":"","meta":{"footnotes":""},"_links":{"self":[{"href":"https:\/\/www.motorfix.com.br\/index.php?rest_route=\/wp\/v2\/pages\/985"}],"collection":[{"href":"https:\/\/www.motorfix.com.br\/index.php?rest_route=\/wp\/v2\/pages"}],"about":[{"href":"https:\/\/www.motorfix.com.br\/index.php?rest_route=\/wp\/v2\/types\/page"}],"author":[{"embeddable":true,"href":"https:\/\/www.motorfix.com.br\/index.php?rest_route=\/wp\/v2\/users\/1"}],"replies":[{"embeddable":true,"href":"https:\/\/www.motorfix.com.br\/index.php?rest_route=%2Fwp%2Fv2%2Fcomments&post=985"}],"version-history":[{"count":7,"href":"https:\/\/www.motorfix.com.br\/index.php?rest_route=\/wp\/v2\/pages\/985\/revisions"}],"predecessor-version":[{"id":5712,"href":"https:\/\/www.motorfix.com.br\/index.php?rest_route=\/wp\/v2\/pages\/985\/revisions\/5712"}],"up":[{"embeddable":true,"href":"https:\/\/www.motorfix.com.br\/index.php?rest_route=\/wp\/v2\/pages\/185"}],"wp:featuredmedia":[{"embeddable":true,"href":"https:\/\/www.motorfix.com.br\/index.php?rest_route=\/wp\/v2\/media\/4591"}],"wp:attachment":[{"href":"https:\/\/www.motorfix.com.br\/index.php?rest_route=%2Fwp%2Fv2%2Fmedia&parent=985"}],"curies":[{"name":"wp","href":"https:\/\/api.w.org\/{rel}","templated":true}]}}