{"id":990,"date":"2022-04-04T11:08:40","date_gmt":"2022-04-04T14:08:40","guid":{"rendered":"https:\/\/www.motorfix.com.br\/?page_id=990"},"modified":"2026-04-02T08:52:27","modified_gmt":"2026-04-02T11:52:27","slug":"fork-oil-sae-5w","status":"publish","type":"page","link":"https:\/\/www.motorfix.com.br\/?page_id=990","title":{"rendered":"Fork Oil SAE 5W"},"content":{"rendered":"\n<figure class=\"wp-block-image size-large\"><img loading=\"lazy\" decoding=\"async\" width=\"1024\" height=\"1024\" src=\"https:\/\/www.motorfix.com.br\/wp-content\/uploads\/2022\/04\/fork-oil-sae-5w-1024x1024.png\" alt=\"\" class=\"wp-image-991\" srcset=\"https:\/\/www.motorfix.com.br\/wp-content\/uploads\/2022\/04\/fork-oil-sae-5w-1024x1024.png 1024w, https:\/\/www.motorfix.com.br\/wp-content\/uploads\/2022\/04\/fork-oil-sae-5w-300x300.png 300w, https:\/\/www.motorfix.com.br\/wp-content\/uploads\/2022\/04\/fork-oil-sae-5w-150x150.png 150w, https:\/\/www.motorfix.com.br\/wp-content\/uploads\/2022\/04\/fork-oil-sae-5w-768x768.png 768w, https:\/\/www.motorfix.com.br\/wp-content\/uploads\/2022\/04\/fork-oil-sae-5w.png 1080w, https:\/\/www.motorfix.com.br\/wp-content\/uploads\/2022\/04\/fork-oil-sae-5w-125x125.png 125w\" sizes=\"(max-width: 1024px) 100vw, 1024px\" \/><\/figure>\n\n\n\n<p><strong>MOTORFIX FORK OIL <\/strong>\u00e9 um fluido semissint\u00e9tico desenvolvido para garfos telesc\u00f3picos de<br>motocicletas com aditivos anti-fric\u00e7\u00e3o que oferecem constante amortecimento, protege e conserva<br>as juntas. Operando em condi\u00e7\u00f5es severas absorvendo impactos sofridos pela suspens\u00e3o dianteira<br>das motocicletas.<br><\/p>\n\n\n\n<p><strong>MOTORFIX FORK OIL <\/strong>\u00e9 formulado com \u00f3leos b\u00e1sicos altamente refinados e aditivos de alto<br>desempenho que fornecem elevada estabilidade qu\u00edmica, reduz o desgaste, propriedades<br>antiespumantes, resistente \u00e0 oxida\u00e7\u00e3o o que permite manter as caracter\u00edsticas f\u00edsico-qu\u00edmicas do<br>\u00f3leo.<br><\/p>\n\n\n\n<p><strong>MOTORFIX FORK OIL<\/strong> atende as especifica\u00e7\u00f5es SAE 5W e 10W<\/p>\n\n\n\n<p>Dispon\u00edvel na embalagem de 500ml.<\/p>\n","protected":false},"excerpt":{"rendered":"<p>MOTORFIX FORK OIL \u00e9 um fluido semissint\u00e9tico desenvolvido para garfos telesc\u00f3picos demotocicletas com aditivos anti-fric\u00e7\u00e3o que oferecem constante amortecimento, protege e conservaas juntas. Operando em condi\u00e7\u00f5es severas absorvendo impactos sofridos pela suspens\u00e3o dianteiradas motocicletas. MOTORFIX FORK OIL \u00e9 formulado com \u00f3leos b\u00e1sicos altamente refinados e aditivos de altodesempenho que fornecem elevada estabilidade qu\u00edmica, reduz o&#8230;<\/p>\n","protected":false},"author":1,"featured_media":992,"parent":185,"menu_order":8,"comment_status":"closed","ping_status":"closed","template":"","meta":{"footnotes":""},"_links":{"self":[{"href":"https:\/\/www.motorfix.com.br\/index.php?rest_route=\/wp\/v2\/pages\/990"}],"collection":[{"href":"https:\/\/www.motorfix.com.br\/index.php?rest_route=\/wp\/v2\/pages"}],"about":[{"href":"https:\/\/www.motorfix.com.br\/index.php?rest_route=\/wp\/v2\/types\/page"}],"author":[{"embeddable":true,"href":"https:\/\/www.motorfix.com.br\/index.php?rest_route=\/wp\/v2\/users\/1"}],"replies":[{"embeddable":true,"href":"https:\/\/www.motorfix.com.br\/index.php?rest_route=%2Fwp%2Fv2%2Fcomments&post=990"}],"version-history":[{"count":8,"href":"https:\/\/www.motorfix.com.br\/index.php?rest_route=\/wp\/v2\/pages\/990\/revisions"}],"predecessor-version":[{"id":5713,"href":"https:\/\/www.motorfix.com.br\/index.php?rest_route=\/wp\/v2\/pages\/990\/revisions\/5713"}],"up":[{"embeddable":true,"href":"https:\/\/www.motorfix.com.br\/index.php?rest_route=\/wp\/v2\/pages\/185"}],"wp:featuredmedia":[{"embeddable":true,"href":"https:\/\/www.motorfix.com.br\/index.php?rest_route=\/wp\/v2\/media\/992"}],"wp:attachment":[{"href":"https:\/\/www.motorfix.com.br\/index.php?rest_route=%2Fwp%2Fv2%2Fmedia&parent=990"}],"curies":[{"name":"wp","href":"https:\/\/api.w.org\/{rel}","templated":true}]}}